{"id":1294,"date":"2023-08-14T10:51:11","date_gmt":"2023-08-14T02:51:11","guid":{"rendered":"https:\/\/oulongauto.com\/?page_id=1294"},"modified":"2023-11-24T11:08:17","modified_gmt":"2023-11-24T03:08:17","slug":"fazhanlicheng","status":"publish","type":"page","link":"https:\/\/oulongauto.com\/es\/shouye\/guanyumujeres\/fazhanlicheng\/","title":{"rendered":"ruta de desarrollo"},"content":{"rendered":"<div data-elementor-type=\"wp-page\" data-elementor-id=\"1294\" class=\"elementor elementor-1294\" data-elementor-post-type=\"page\">\n\t\t\t\t\t\t\t\t\t<section class=\"wd-negative-gap elementor-section elementor-top-section elementor-element elementor-element-4bb11bdb elementor-section-height-min-height elementor-section-items-bottom wd-section-stretch elementor-section-boxed elementor-section-height-default\" data-id=\"4bb11bdb\" data-element_type=\"section\" data-settings=\"{&quot;background_background&quot;:&quot;classic&quot;}\">\n\t\t\t\t\t\t<div class=\"elementor-container elementor-column-gap-no\">\n\t\t\t\t\t<div class=\"elementor-column elementor-col-50 elementor-top-column elementor-element elementor-element-5f454aa2\" data-id=\"5f454aa2\" data-element_type=\"column\" data-settings=\"{&quot;background_background&quot;:&quot;classic&quot;}\">\n\t\t\t<div class=\"elementor-widget-wrap elementor-element-populated\">\n\t\t\t\t\t\t\t\t<div class=\"elementor-element elementor-element-e95a7df elementor-widget elementor-widget-wd_text_block\" data-id=\"e95a7df\" data-element_type=\"widget\" data-widget_type=\"wd_text_block.default\">\n\t\t\t\t<div class=\"elementor-widget-container\">\n\t\t\t\t\t<div class=\"wd-text-block reset-last-child text-left\">\n\t\t\t\n\t\t\t<p><a style=\"color: #666;text-decoration: none\" href=\"#\">p\u00e1gina delantera<\/a> &gt; <a style=\"color: #666;text-decoration: none\" href=\"#\">Sobre Oulong<\/a> &gt;Servicios de marca<\/p>\n\t\t\t\t\t<\/div>\n\t\t\t\t<\/div>\n\t\t\t\t<\/div>\n\t\t\t\t\t<\/div>\n\t\t<\/div>\n\t\t\t\t<div class=\"elementor-column elementor-col-50 elementor-top-column elementor-element elementor-element-73472e71 elementor-hidden-tablet elementor-hidden-mobile\" data-id=\"73472e71\" data-element_type=\"column\" data-settings=\"{&quot;background_background&quot;:&quot;classic&quot;}\">\n\t\t\t<div class=\"elementor-widget-wrap elementor-element-populated\">\n\t\t\t\t\t\t\t\t<section class=\"wd-negative-gap elementor-section elementor-inner-section elementor-element elementor-element-45aeec2 elementor-section-content-middle elementor-hidden-tablet elementor-hidden-mobile elementor-section-boxed elementor-section-height-default elementor-section-height-default\" data-id=\"45aeec2\" data-element_type=\"section\">\n\t\t\t\t\t\t<div class=\"elementor-container elementor-column-gap-no\">\n\t\t\t\t\t<div class=\"elementor-column elementor-col-16 elementor-inner-column elementor-element elementor-element-40f2a876 my-gy elementor-hidden-tablet elementor-hidden-mobile\" data-id=\"40f2a876\" data-element_type=\"column\">\n\t\t\t<div class=\"elementor-widget-wrap elementor-element-populated\">\n\t\t\t\t\t\t\t\t<div class=\"elementor-element elementor-element-715c8115 my-gy elementor-widget elementor-widget-wd_text_block\" data-id=\"715c8115\" data-element_type=\"widget\" data-widget_type=\"wd_text_block.default\">\n\t\t\t\t<div class=\"elementor-widget-container\">\n\t\t\t\t\t<div class=\"wd-text-block reset-last-child text-center\">\n\t\t\t\n\t\t\t<p><a href=\"https:\/\/oulongauto.com\/es\/shouye\/guanyumujeres\/\">Perfil de la empresa<\/a><\/p>\n\t\t\t\t\t<\/div>\n\t\t\t\t<\/div>\n\t\t\t\t<\/div>\n\t\t\t\t\t<\/div>\n\t\t<\/div>\n\t\t\t\t<div class=\"elementor-column elementor-col-16 elementor-inner-column elementor-element elementor-element-5963c1d1 my-gy\" data-id=\"5963c1d1\" data-element_type=\"column\">\n\t\t\t<div class=\"elementor-widget-wrap elementor-element-populated\">\n\t\t\t\t\t\t\t\t<div class=\"elementor-element elementor-element-3bd75e87 elementor-widget elementor-widget-wd_text_block\" data-id=\"3bd75e87\" data-element_type=\"widget\" data-widget_type=\"wd_text_block.default\">\n\t\t\t\t<div class=\"elementor-widget-container\">\n\t\t\t\t\t<div class=\"wd-text-block reset-last-child text-center\">\n\t\t\t\n\t\t\t<p><a href=\"https:\/\/oulongauto.com\/es\/shouye\/guanyumujeres\/qiyewenhua\/\">cultura de la empresa<\/a><\/p>\n\t\t\t\t\t<\/div>\n\t\t\t\t<\/div>\n\t\t\t\t<\/div>\n\t\t\t\t\t<\/div>\n\t\t<\/div>\n\t\t\t\t<div class=\"elementor-column elementor-col-16 elementor-inner-column elementor-element elementor-element-2aa080b7 my-gy\" data-id=\"2aa080b7\" data-element_type=\"column\">\n\t\t\t<div class=\"elementor-widget-wrap elementor-element-populated\">\n\t\t\t\t\t\t\t\t<div class=\"elementor-element elementor-element-4625213e elementor-widget elementor-widget-wd_text_block\" data-id=\"4625213e\" data-element_type=\"widget\" data-widget_type=\"wd_text_block.default\">\n\t\t\t\t<div class=\"elementor-widget-container\">\n\t\t\t\t\t<div class=\"wd-text-block reset-last-child text-center\">\n\t\t\t\n\t\t\t<p><a href=\"https:\/\/oulongauto.com\/es\/shouye\/guanyumujeres\/fuwupinpai\/\">marca de servicio<\/a><\/p>\n\t\t\t\t\t<\/div>\n\t\t\t\t<\/div>\n\t\t\t\t<\/div>\n\t\t\t\t\t<\/div>\n\t\t<\/div>\n\t\t\t\t<div class=\"elementor-column elementor-col-16 elementor-inner-column elementor-element elementor-element-63ee67a8\" data-id=\"63ee67a8\" data-element_type=\"column\" data-settings=\"{&quot;background_background&quot;:&quot;classic&quot;}\">\n\t\t\t<div class=\"elementor-widget-wrap elementor-element-populated\">\n\t\t\t\t\t\t\t\t<div class=\"elementor-element elementor-element-645af68a elementor-widget elementor-widget-wd_text_block\" data-id=\"645af68a\" data-element_type=\"widget\" data-widget_type=\"wd_text_block.default\">\n\t\t\t\t<div class=\"elementor-widget-container\">\n\t\t\t\t\t<div class=\"wd-text-block reset-last-child text-center\">\n\t\t\t\n\t\t\t<p>ruta de desarrollo<\/p>\n\t\t\t\t\t<\/div>\n\t\t\t\t<\/div>\n\t\t\t\t<\/div>\n\t\t\t\t\t<\/div>\n\t\t<\/div>\n\t\t\t\t<div class=\"elementor-column elementor-col-16 elementor-inner-column elementor-element elementor-element-542ed0f8 my-gy\" data-id=\"542ed0f8\" data-element_type=\"column\">\n\t\t\t<div class=\"elementor-widget-wrap elementor-element-populated\">\n\t\t\t\t\t\t\t\t<div class=\"elementor-element elementor-element-2fe4522c elementor-widget elementor-widget-wd_text_block\" data-id=\"2fe4522c\" data-element_type=\"widget\" data-widget_type=\"wd_text_block.default\">\n\t\t\t\t<div class=\"elementor-widget-container\">\n\t\t\t\t\t<div class=\"wd-text-block reset-last-child text-center\">\n\t\t\t\n\t\t\t<p><a href=\"https:\/\/oulongauto.com\/es\/shouye\/guanyumujeres\/qiyerongyu\/\">honor empresarial<\/a><\/p>\n\t\t\t\t\t<\/div>\n\t\t\t\t<\/div>\n\t\t\t\t<\/div>\n\t\t\t\t\t<\/div>\n\t\t<\/div>\n\t\t\t\t<div class=\"elementor-column elementor-col-16 elementor-inner-column elementor-element elementor-element-54c2c15f my-gy\" data-id=\"54c2c15f\" data-element_type=\"column\">\n\t\t\t<div class=\"elementor-widget-wrap elementor-element-populated\">\n\t\t\t\t\t\t\t\t<div class=\"elementor-element elementor-element-48f56c10 elementor-widget elementor-widget-wd_text_block\" data-id=\"48f56c10\" data-element_type=\"widget\" data-widget_type=\"wd_text_block.default\">\n\t\t\t\t<div class=\"elementor-widget-container\">\n\t\t\t\t\t<div class=\"wd-text-block reset-last-child text-center\">\n\t\t\t\n\t\t\t<p><a href=\"https:\/\/oulongauto.com\/es\/shouye\/guanyumujeres\/gongyishan\/\">Caridad<\/a><\/p>\n\t\t\t\t\t<\/div>\n\t\t\t\t<\/div>\n\t\t\t\t<\/div>\n\t\t\t\t\t<\/div>\n\t\t<\/div>\n\t\t\t\t\t\t\t<\/div>\n\t\t<\/section>\n\t\t\t\t\t<\/div>\n\t\t<\/div>\n\t\t\t\t\t\t\t<\/div>\n\t\t<\/section>\n\t\t\t\t<section class=\"wd-negative-gap elementor-section elementor-top-section elementor-element elementor-element-28d9e63 wd-section-stretch elementor-section-boxed elementor-section-height-default elementor-section-height-default\" data-id=\"28d9e63\" data-element_type=\"section\" data-settings=\"{&quot;background_background&quot;:&quot;classic&quot;}\">\n\t\t\t\t\t\t<div class=\"elementor-container elementor-column-gap-default\">\n\t\t\t\t\t<div class=\"elementor-column elementor-col-100 elementor-top-column elementor-element elementor-element-c54848b\" data-id=\"c54848b\" data-element_type=\"column\">\n\t\t\t<div class=\"elementor-widget-wrap elementor-element-populated\">\n\t\t\t\t\t\t\t\t<div class=\"elementor-element elementor-element-98c6c0a elementor-widget elementor-widget-image\" data-id=\"98c6c0a\" data-element_type=\"widget\" data-widget_type=\"image.default\">\n\t\t\t\t<div class=\"elementor-widget-container\">\n\t\t\t<style>\/*! elementor - v3.18.0 - 20-12-2023 *\/\n.elementor-widget-image{text-align:center}.elementor-widget-image a{display:inline-block}.elementor-widget-image a img[src$=\".svg\"]{width:48px}.elementor-widget-image img{vertical-align:middle;display:inline-block}<\/style>\t\t\t\t\t\t\t\t\t\t\t\t<img fetchpriority=\"high\" decoding=\"async\" width=\"1908\" height=\"893\" src=\"https:\/\/oulongauto.com\/wp-content\/uploads\/2023\/11\/6b603e29e6761e2e403799c59b38779.jpg\" class=\"attachment-full size-full wp-image-1664\" alt=\"\" srcset=\"https:\/\/oulongauto.com\/wp-content\/uploads\/2023\/11\/6b603e29e6761e2e403799c59b38779.jpg 1908w, https:\/\/oulongauto.com\/wp-content\/uploads\/2023\/11\/6b603e29e6761e2e403799c59b38779-150x70.jpg 150w, https:\/\/oulongauto.com\/wp-content\/uploads\/2023\/11\/6b603e29e6761e2e403799c59b38779-600x281.jpg 600w, https:\/\/oulongauto.com\/wp-content\/uploads\/2023\/11\/6b603e29e6761e2e403799c59b38779-300x140.jpg 300w, https:\/\/oulongauto.com\/wp-content\/uploads\/2023\/11\/6b603e29e6761e2e403799c59b38779-1024x479.jpg 1024w, https:\/\/oulongauto.com\/wp-content\/uploads\/2023\/11\/6b603e29e6761e2e403799c59b38779-768x359.jpg 768w, https:\/\/oulongauto.com\/wp-content\/uploads\/2023\/11\/6b603e29e6761e2e403799c59b38779-1536x719.jpg 1536w, https:\/\/oulongauto.com\/wp-content\/uploads\/2023\/11\/6b603e29e6761e2e403799c59b38779-18x8.jpg 18w\" sizes=\"(max-width: 1908px) 100vw, 1908px\" \/>\t\t\t\t\t\t\t\t\t\t\t\t\t\t\t<\/div>\n\t\t\t\t<\/div>\n\t\t\t\t\t<\/div>\n\t\t<\/div>\n\t\t\t\t\t\t\t<\/div>\n\t\t<\/section>\n\t\t\t\t<section class=\"wd-negative-gap elementor-section elementor-top-section elementor-element elementor-element-5eb449b elementor-section-boxed elementor-section-height-default elementor-section-height-default\" data-id=\"5eb449b\" data-element_type=\"section\" data-settings=\"{&quot;background_background&quot;:&quot;classic&quot;}\">\n\t\t\t\t\t\t<div class=\"elementor-container elementor-column-gap-default\">\n\t\t\t\t\t<div class=\"elementor-column elementor-col-100 elementor-top-column elementor-element elementor-element-759cf7a\" data-id=\"759cf7a\" data-element_type=\"column\">\n\t\t\t<div class=\"elementor-widget-wrap elementor-element-populated\">\n\t\t\t\t\t\t\t\t<div class=\"elementor-element elementor-element-8aa4719 elementor-widget elementor-widget-wd_timeline\" data-id=\"8aa4719\" data-element_type=\"widget\" data-widget_type=\"wd_timeline.default\">\n\t\t\t\t<div class=\"elementor-widget-container\">\n\t\t\t\t\t<div class=\"wd-timeline-wrapper wd-item-default wd-line-default\">\n\t\t\t<div class=\"woodmart-timeline-line\">\n\t\t\t\t<span class=\"line-dot dot-start\"><\/span>\n\t\t\t\t<span class=\"line-dot dot-end\"><\/span>\n\t\t\t<\/div>\n\n\t\t\t<div class=\"wd-timeline\">\n\t\t\t\t\t\t\t\t\t\t\t\t\t\t\t\t\t\t\t\t<div class=\"wd-timeline-item wd-item-position-right elementor-repeater-item-d840a1d\">\n\t\t\t\t\t\t\t<div class=\"woodmart-timeline-dot\"><\/div>\n\n\t\t\t\t\t\t\t<div class=\"timeline-col timeline-col-primary\">\n\t\t\t\t\t\t\t\t<span class=\"timeline-arrow\"><\/span>\n\t\t\t\t\t\t\t\t\n\t\t\t\t\t\t\t\t\n\t\t\t\t\t\t\t\t<div class=\"wd-timeline-content set-cont-mb-s reset-last-child\">\n\t\t\t\t\t\t\t\t\t<p><strong class=\"mybiaoti\">2016-presente<\/strong>(per\u00edodo de desarrollo sostenible)<\/p><p>\u25cb Optimizar continuamente la estructura de la marca de autom\u00f3viles.<\/p><p>\u25cb 22 marcas cooperativas y 85 tiendas operativas;<\/p><p>\u25cbEl \u00e1rea comercial cubre Zhejiang, Jiangsu, Shandong, Jiangxi, Anhui, Fujian y otras provincias.<\/p><p>\u25cbOulong Automobile Trading Group ocupa el puesto 24 en la lista de los 100 principales grupos de concesionarios de autom\u00f3viles de China y ha sido galardonado con las 500 mejores empresas de servicios de China y las 100 mejores empresas de servicios de la provincia de Zhejiang. El grupo cuenta actualmente con m\u00e1s de 3.000 empleados y un total de m\u00e1s de 600.000 clientes.<\/p><p><img decoding=\"async\" class=\"alignnone size-full wp-image-1347\" src=\"https:\/\/oulongauto.com\/wp-content\/uploads\/2023\/08\/10002-1.jpg\" alt=\"\" width=\"240\" height=\"240\" srcset=\"https:\/\/oulongauto.com\/wp-content\/uploads\/2023\/08\/10002-1.jpg 240w, https:\/\/oulongauto.com\/wp-content\/uploads\/2023\/08\/10002-1-150x150.jpg 150w, https:\/\/oulongauto.com\/wp-content\/uploads\/2023\/08\/10002-1-12x12.jpg 12w\" sizes=\"(max-width: 240px) 100vw, 240px\" \/><\/p>\t\t\t\t\t\t\t\t<\/div>\n\t\t\t\t\t\t\t<\/div>\n\n\t\t\t\t\t\t\t<div class=\"timeline-col timeline-col-secondary\">\n\t\t\t\t\t\t\t\t<span class=\"timeline-arrow\"><\/span>\n\t\t\t\t\t\t\t\t\n\t\t\t\t\t\t\t\t\n\t\t\t\t\t\t\t\t<div class=\"wd-timeline-content set-cont-mb-s reset-last-child\">\n\t\t\t\t\t\t\t\t\t\t\t\t\t\t\t\t\t<\/div>\n\t\t\t\t\t\t\t<\/div>\n\t\t\t\t\t\t<\/div>\n\t\t\t\t\t\t\t\t\t\t\t\t\t\t\t\t\t\t\t\t\t\t\t\t\t<div class=\"wd-timeline-item wd-item-position-left elementor-repeater-item-81a8cbc\">\n\t\t\t\t\t\t\t<div class=\"woodmart-timeline-dot\"><\/div>\n\n\t\t\t\t\t\t\t<div class=\"timeline-col timeline-col-primary\">\n\t\t\t\t\t\t\t\t<span class=\"timeline-arrow\"><\/span>\n\t\t\t\t\t\t\t\t\n\t\t\t\t\t\t\t\t\n\t\t\t\t\t\t\t\t<div class=\"wd-timeline-content set-cont-mb-s reset-last-child\">\n\t\t\t\t\t\t\t\t\t<p>(per\u00edodo de r\u00e1pido desarrollo)<strong>2009-2015<\/strong><\/p><p>Establecer una empresa del grupo<\/p><p>Aprovechar r\u00e1pidamente los mercados regionales como Jinhua, Quzhou, Shandong Liaocheng;<\/p><p>R\u00e1pida expansi\u00f3n de tiendas de marca.<\/p><p>Establecer dos Jaguar Land Rover, dos Mercedes-Benz, FAW-Volkswagen, Changan Ford,<\/p><p>Chevrolet, Dongfeng Citroen y otras tiendas de marca<\/p><p><img decoding=\"async\" class=\"alignnone wp-image-1348 size-full\" src=\"https:\/\/oulongauto.com\/wp-content\/uploads\/2023\/08\/10003-1.jpg\" alt=\"\" width=\"240\" height=\"240\" srcset=\"https:\/\/oulongauto.com\/wp-content\/uploads\/2023\/08\/10003-1.jpg 240w, https:\/\/oulongauto.com\/wp-content\/uploads\/2023\/08\/10003-1-150x150.jpg 150w, https:\/\/oulongauto.com\/wp-content\/uploads\/2023\/08\/10003-1-12x12.jpg 12w\" sizes=\"(max-width: 240px) 100vw, 240px\" \/><\/p>\t\t\t\t\t\t\t\t<\/div>\n\t\t\t\t\t\t\t<\/div>\n\n\t\t\t\t\t\t\t<div class=\"timeline-col timeline-col-secondary\">\n\t\t\t\t\t\t\t\t<span class=\"timeline-arrow\"><\/span>\n\t\t\t\t\t\t\t\t\n\t\t\t\t\t\t\t\t\n\t\t\t\t\t\t\t\t<div class=\"wd-timeline-content set-cont-mb-s reset-last-child\">\n\t\t\t\t\t\t\t\t\t\t\t\t\t\t\t\t\t<\/div>\n\t\t\t\t\t\t\t<\/div>\n\t\t\t\t\t\t<\/div>\n\t\t\t\t\t\t\t\t\t\t\t\t\t\t\t\t\t\t\t\t\t\t\t\t\t<div class=\"wd-timeline-item wd-item-position-right elementor-repeater-item-dae8a6d\">\n\t\t\t\t\t\t\t<div class=\"woodmart-timeline-dot\"><\/div>\n\n\t\t\t\t\t\t\t<div class=\"timeline-col timeline-col-primary\">\n\t\t\t\t\t\t\t\t<span class=\"timeline-arrow\"><\/span>\n\t\t\t\t\t\t\t\t\n\t\t\t\t\t\t\t\t\n\t\t\t\t\t\t\t\t<div class=\"wd-timeline-content set-cont-mb-s reset-last-child\">\n\t\t\t\t\t\t\t\t\t<p><strong>2002-2008<\/strong>(per\u00edodo de crecimiento)<\/p><p>\u25cbInauguraci\u00f3n oficial de la primera tienda 4S de la marca de autom\u00f3viles<\/p><p>\u25cb Se establecieron 6 tiendas de marca, incluidas FAW-Volkswagen y Mercedes-Benz<\/p><p>\u25cb El \u00e1rea comercial tiene su sede en Wenzhou y est\u00e1 estacionada en Taizhou<\/p><p>\u25cb Las marcas operativas cubren lujo, empresas conjuntas y propias<\/p><p>\u25cb Estableci\u00f3 la escuela de capacitaci\u00f3n en manejo de veh\u00edculos motorizados de Oulong para expandir la industria de extensi\u00f3n de autom\u00f3viles<\/p><p><img loading=\"lazy\" decoding=\"async\" class=\"alignnone wp-image-1349 size-full\" src=\"https:\/\/oulongauto.com\/wp-content\/uploads\/2023\/08\/10004-1.jpg\" alt=\"\" width=\"240\" height=\"240\" srcset=\"https:\/\/oulongauto.com\/wp-content\/uploads\/2023\/08\/10004-1.jpg 240w, https:\/\/oulongauto.com\/wp-content\/uploads\/2023\/08\/10004-1-150x150.jpg 150w, https:\/\/oulongauto.com\/wp-content\/uploads\/2023\/08\/10004-1-12x12.jpg 12w\" sizes=\"(max-width: 240px) 100vw, 240px\" \/><\/p>\t\t\t\t\t\t\t\t<\/div>\n\t\t\t\t\t\t\t<\/div>\n\n\t\t\t\t\t\t\t<div class=\"timeline-col timeline-col-secondary\">\n\t\t\t\t\t\t\t\t<span class=\"timeline-arrow\"><\/span>\n\t\t\t\t\t\t\t\t\n\t\t\t\t\t\t\t\t\n\t\t\t\t\t\t\t\t<div class=\"wd-timeline-content set-cont-mb-s reset-last-child\">\n\t\t\t\t\t\t\t\t\t\t\t\t\t\t\t\t\t<\/div>\n\t\t\t\t\t\t\t<\/div>\n\t\t\t\t\t\t<\/div>\n\t\t\t\t\t\t\t\t\t\t\t\t\t\t\t\t\t\t\t\t\t\t\t\t\t<div class=\"wd-timeline-item wd-item-position-left elementor-repeater-item-0c279e3\">\n\t\t\t\t\t\t\t<div class=\"woodmart-timeline-dot\"><\/div>\n\n\t\t\t\t\t\t\t<div class=\"timeline-col timeline-col-primary\">\n\t\t\t\t\t\t\t\t<span class=\"timeline-arrow\"><\/span>\n\t\t\t\t\t\t\t\t\n\t\t\t\t\t\t\t\t\n\t\t\t\t\t\t\t\t<div class=\"wd-timeline-content set-cont-mb-s reset-last-child\">\n\t\t\t\t\t\t\t\t\t<p>(per\u00edodo de emprendimiento)<strong>1995-2001<\/strong><\/p><p>Fundada en 1995<\/p><p>Venta de autos operativos<\/p><p><img loading=\"lazy\" decoding=\"async\" class=\"alignnone wp-image-1350 size-full\" src=\"https:\/\/oulongauto.com\/wp-content\/uploads\/2023\/08\/10005-1.jpg\" alt=\"\" width=\"240\" height=\"240\" srcset=\"https:\/\/oulongauto.com\/wp-content\/uploads\/2023\/08\/10005-1.jpg 240w, https:\/\/oulongauto.com\/wp-content\/uploads\/2023\/08\/10005-1-150x150.jpg 150w, https:\/\/oulongauto.com\/wp-content\/uploads\/2023\/08\/10005-1-12x12.jpg 12w\" sizes=\"(max-width: 240px) 100vw, 240px\" \/><\/p>\t\t\t\t\t\t\t\t<\/div>\n\t\t\t\t\t\t\t<\/div>\n\n\t\t\t\t\t\t\t<div class=\"timeline-col timeline-col-secondary\">\n\t\t\t\t\t\t\t\t<span class=\"timeline-arrow\"><\/span>\n\t\t\t\t\t\t\t\t\n\t\t\t\t\t\t\t\t\n\t\t\t\t\t\t\t\t<div class=\"wd-timeline-content set-cont-mb-s reset-last-child\">\n\t\t\t\t\t\t\t\t\t\t\t\t\t\t\t\t\t<\/div>\n\t\t\t\t\t\t\t<\/div>\n\t\t\t\t\t\t<\/div>\n\t\t\t\t\t\t\t\t\t\t\t\t<\/div>\n\t\t<\/div>\n\t\t\t\t<\/div>\n\t\t\t\t<\/div>\n\t\t\t\t\t<\/div>\n\t\t<\/div>\n\t\t\t\t\t\t\t<\/div>\n\t\t<\/section>\n\t\t\t\t\t\t\t<\/div>","protected":false},"excerpt":{"rendered":"<p>\u9996\u9875 &gt; \u5173\u4e8e\u6b27\u9f99 &gt;\u54c1\u724c\u670d<\/p>","protected":false},"author":1,"featured_media":0,"parent":20,"menu_order":0,"comment_status":"closed","ping_status":"closed","template":"","meta":{"footnotes":""},"class_list":["post-1294","page","type-page","status-publish","hentry"],"_links":{"self":[{"href":"https:\/\/oulongauto.com\/es\/wp-json\/wp\/v2\/pages\/1294","targetHints":{"allow":["GET"]}}],"collection":[{"href":"https:\/\/oulongauto.com\/es\/wp-json\/wp\/v2\/pages"}],"about":[{"href":"https:\/\/oulongauto.com\/es\/wp-json\/wp\/v2\/types\/page"}],"author":[{"embeddable":true,"href":"https:\/\/oulongauto.com\/es\/wp-json\/wp\/v2\/users\/1"}],"replies":[{"embeddable":true,"href":"https:\/\/oulongauto.com\/es\/wp-json\/wp\/v2\/comments?post=1294"}],"version-history":[{"count":28,"href":"https:\/\/oulongauto.com\/es\/wp-json\/wp\/v2\/pages\/1294\/revisions"}],"predecessor-version":[{"id":1677,"href":"https:\/\/oulongauto.com\/es\/wp-json\/wp\/v2\/pages\/1294\/revisions\/1677"}],"up":[{"embeddable":true,"href":"https:\/\/oulongauto.com\/es\/wp-json\/wp\/v2\/pages\/20"}],"wp:attachment":[{"href":"https:\/\/oulongauto.com\/es\/wp-json\/wp\/v2\/media?parent=1294"}],"curies":[{"name":"wp","href":"https:\/\/api.w.org\/{rel}","templated":true}]}}