{"id":2784,"date":"2024-06-26T15:38:39","date_gmt":"2024-06-26T07:38:39","guid":{"rendered":"https:\/\/oulongauto.com\/product\/byd-qinl-ev-cheap-hybrid-sedan\/"},"modified":"2024-06-26T15:38:39","modified_gmt":"2024-06-26T07:38:39","slug":"byd-qinl-ev-cheap-hybrid-sedan","status":"publish","type":"product","link":"https:\/\/oulongauto.com\/es\/product\/byd-qinl-ev-cheap-hybrid-sedan\/","title":{"rendered":"Byd Qinl EV Cheap Hybrid Sedan"},"content":{"rendered":"<div id=\"oulongauto-desc-content\">\n<div class=\"sr-layout-subblock\">\n<div class=\"sr-txt-title\">\n<h2 class=\"sr-txt-h2\">Basic Info.<\/h2>\n<\/p><\/div>\n<div class=\"sr-layout-content\">\n<div class=\"basic-info-list\">\n<div class=\"bsc-item cf\">\n<div class=\"bac-item-label fl\">Model NO.<\/div>\n<div class=\"bac-item-value fl\">Qin L<\/div>\n<\/p><\/div>\n<div class=\"bsc-item cf\">\n<div class=\"bac-item-label fl\">Certification<\/div>\n<div class=\"bac-item-value fl\">EPA, CCC, DOT, EEC, CE<\/div>\n<\/p><\/div>\n<div class=\"bsc-item cf\">\n<div class=\"bac-item-label fl\">Body Type<\/div>\n<div class=\"bac-item-value fl\">Closed<\/div>\n<\/p><\/div>\n<div class=\"bsc-item cf\">\n<div class=\"bac-item-label fl\">Number of Doors (PCS)<\/div>\n<div class=\"bac-item-value fl\">4<\/div>\n<\/p><\/div>\n<div class=\"bsc-item cf\">\n<div class=\"bac-item-label fl\">Number of Seats (Pieces)<\/div>\n<div class=\"bac-item-value fl\">5<\/div>\n<\/p><\/div>\n<div class=\"bsc-item cf\">\n<div class=\"bac-item-label fl\">Curb Weight (Kg)<\/div>\n<div class=\"bac-item-value fl\">1660<\/div>\n<\/p><\/div>\n<div class=\"bsc-item cf\">\n<div class=\"bac-item-label fl\">Full Load Weight (Kg)<\/div>\n<div class=\"bac-item-value fl\">2035<\/div>\n<\/p><\/div>\n<div class=\"bsc-item cf\">\n<div class=\"bac-item-label fl\">Transport Package<\/div>\n<div class=\"bac-item-value fl\">Roll-on-Roll-off Ship<\/div>\n<\/p><\/div>\n<div class=\"bsc-item cf\">\n<div class=\"bac-item-label fl\">Especificaci\u00f3n<\/div>\n<div class=\"bac-item-value fl\">4830x1900x1495<\/div>\n<\/p><\/div>\n<div class=\"bsc-item cf\">\n<div class=\"bac-item-label fl\">Trademark<\/div>\n<div class=\"bac-item-value fl\">BYD<\/div>\n<\/p><\/div>\n<div class=\"bsc-item cf\">\n<div class=\"bac-item-label fl\">Origin<\/div>\n<div class=\"bac-item-value fl\">Porcelana<\/div>\n<\/p><\/div>\n<div class=\"bsc-item cf\">\n<div class=\"bac-item-label fl\">HS Code<\/div>\n<div class=\"bac-item-value fl\">870380001<\/div>\n<\/p><\/div>\n<div class=\"bsc-item cf\">\n<div class=\"bac-item-label fl\">Production Capacity<\/div>\n<div class=\"bac-item-value fl\">1000unit\/Year<\/div>\n<\/p><\/div>\n<\/p><\/div>\n<\/p><\/div>\n<\/p><\/div>\n<div class=\"sr-txt-title\">\n<h2 class=\"sr-txt-h2\">Descripci\u00f3n del Producto<\/h2>\n<\/p><\/div>\n<div class=\"async-rich-info\">\n<div class=\"rich-text cf\">\n<div class=\"cke_widget_wrapper cke_widget_block\">\n<div class=\"cke-navigation cke_widget_element\" style=\"padding:10px 0;font-weight:normal;line-height:24px;border-bottom:1px solid #dfdfdf;text-align:left\">\n    <span style=\"background-color:#f2f2f2;border-radius:3px;padding:0 10px;font-weight:normal;line-height:36px;height:36px\">Descripci\u00f3n del Producto<\/span>\n   <\/div>\n<\/p><\/div>\n<p><\/p>\n<div class=\"cke_widget_wrapper cke_widget_block\">\n<div class=\"rich-text-table\">\n<table style=\"background-color:#ffffff;margin:0px;max-width:1060px;text-align:start\">\n<tbody>\n<tr>\n<td colspan=\"1\" rowspan=\"1\" style=\"background-color:#f7f8fa;height:20px\">\n<div style=\"border:0px;padding:5px 10px;margin:0px;vertical-align:baseline\">\n         Length, width and height (mm)\n        <\/div>\n<\/td>\n<td colspan=\"1\" rowspan=\"1\" style=\"background-color:#f7f8fa;height:20px\">\n<div style=\"border:0px;padding:5px 10px;margin:0px;vertical-align:baseline\">\n         4830\u00d71900\u00d71495\n        <\/div>\n<\/td>\n<td colspan=\"1\" rowspan=\"1\" style=\"background-color:#f7f8fa;height:20px\">\u00a0 \u00a0Front Suspension<\/td>\n<td colspan=\"1\" rowspan=\"1\" style=\"background-color:#f7f8fa;height:20px\"><span style=\"color:#333333;font-family:Arial, Helvetica, sans-serif;text-align:start\"><span style=\"font-size:16px\">Mcphersonindependent suspension<\/span><\/span><\/td>\n<\/tr>\n<tr>\n<td colspan=\"1\" rowspan=\"1\" style=\"height:20px\">\n<div style=\"border:0px;padding:5px 10px;margin:0px;vertical-align:baseline\">\n         Front \/ rear of rotation (mm)\n        <\/div>\n<\/td>\n<td colspan=\"1\" rowspan=\"1\" style=\"height:20px\">\n<div style=\"border:0px;padding:5px 10px;margin:0px;vertical-align:baseline\">\n         1620\/1620\n        <\/div>\n<\/td>\n<td colspan=\"1\" rowspan=\"1\" style=\"height:20px\">\n<div style=\"border:0px;padding:5px 10px;margin:0px;vertical-align:baseline\">\n         Rear Suspension\n        <\/div>\n<\/td>\n<td colspan=\"1\" rowspan=\"1\" style=\"height:20px\">\n<div style=\"border:0px;padding:5px 10px;margin:0px;vertical-align:baseline\">\n         <span style=\"font-size:16px\"><span style=\"color:#333333;font-family:Arial, Helvetica, sans-serif;text-align:start\">Four link independent suspension<\/span><\/span>\n        <\/div>\n<\/td>\n<\/tr>\n<tr>\n<td colspan=\"1\" rowspan=\"1\" style=\"height:20px\">\n<div style=\"border:0px;padding:5px 10px;margin:0px;vertical-align:baseline\">\n         Minimum turning radius (m)\n        <\/div>\n<\/td>\n<td colspan=\"1\" rowspan=\"1\" style=\"height:20px\">\n<div style=\"border:0px;padding:5px 10px;margin:0px;vertical-align:baseline\">\n         5.6\n        <\/div>\n<\/td>\n<td colspan=\"1\" rowspan=\"1\" style=\"height:20px\">\n<div style=\"border:0px;padding:5px 10px;margin:0px;vertical-align:baseline\">\n         WLTC integrated working condition of pure electric driving range (km)\n        <\/div>\n<\/td>\n<td colspan=\"1\" rowspan=\"1\" style=\"height:20px\">\n<div style=\"border:0px;padding:5px 10px;margin:0px;vertical-align:baseline\">\n         60\n        <\/div>\n<\/td>\n<\/tr>\n<tr>\n<td colspan=\"1\" rowspan=\"1\" style=\"height:20px\">\n<div style=\"border:0px;padding:5px 10px;margin:0px;vertical-align:baseline\">\n         fuel tank capacity (L)\n        <\/div>\n<\/td>\n<td colspan=\"1\" rowspan=\"1\" style=\"height:20px\">\n<div style=\"border:0px;padding:5px 10px;margin:0px;vertical-align:baseline\">\n         65\n        <\/div>\n<\/td>\n<td colspan=\"1\" rowspan=\"1\" style=\"height:20px\">\n<div style=\"border:0px;padding:5px 10px;margin:0px;vertical-align:baseline\">\n         WLTC integrated fuel consumption (L \/ 100km)\n        <\/div>\n<\/td>\n<td colspan=\"1\" rowspan=\"1\" style=\"height:20px\">\n<div style=\"border:0px;padding:5px 10px;margin:0px;vertical-align:baseline\">\n         1.36\n        <\/div>\n<\/td>\n<\/tr>\n<tr>\n<td colspan=\"1\" rowspan=\"1\" style=\"height:20px\">\n<div style=\"border:0px;padding:5px 10px;margin:0px;vertical-align:baseline\">\n         tyre size\n        <\/div>\n<\/td>\n<td colspan=\"1\" rowspan=\"1\" style=\"height:20px\">\n<div style=\"border:0px;padding:5px 10px;margin:0px;vertical-align:baseline\">\n         225\/60 R16\n        <\/div>\n<\/td>\n<td colspan=\"1\" rowspan=\"1\" style=\"height:20px\">\u00a0 Steering System<\/td>\n<td colspan=\"1\" rowspan=\"1\" style=\"height:20px\">\n<div style=\"border:0px;padding:5px 10px;margin:0px;vertical-align:baseline\">\n         DMI\n        <\/div>\n<\/td>\n<\/tr>\n<tr>\n<td colspan=\"1\" rowspan=\"1\" style=\"height:20px\">\u00a0 \u00a0wheel base (mm)<\/td>\n<td colspan=\"1\" rowspan=\"1\" style=\"height:20px\">\n<div style=\"border:0px;padding:5px 10px;margin:0px;vertical-align:baseline\">\n         2790\n        <\/div>\n<\/td>\n<td colspan=\"1\" rowspan=\"1\" style=\"height:20px\">\n<div style=\"border:0px;padding:5px 10px;margin:0px;vertical-align:baseline\">\n         0-100 km\/h Acceleration Time (s)\n        <\/div>\n<\/td>\n<td colspan=\"1\" rowspan=\"1\" style=\"height:20px\">\n<div style=\"border:0px;padding:5px 10px;margin:0px;vertical-align:baseline\">\n         7.9\n        <\/div>\n<\/td>\n<\/tr>\n<tr>\n<td colspan=\"1\" rowspan=\"1\" style=\"height:20px\">\n<div style=\"border:0px;padding:5px 10px;margin:0px;vertical-align:baseline\">\n         displacement (L)\n        <\/div>\n<\/td>\n<td colspan=\"1\" rowspan=\"1\" style=\"height:20px\">\n<div style=\"border:0px;padding:5px 10px;margin:0px;vertical-align:baseline\">\n         1.5\n        <\/div>\n<\/td>\n<td colspan=\"1\" rowspan=\"1\" style=\"height:20px\">\n<div style=\"border:0px;padding:5px 10px;margin:0px;vertical-align:baseline\">\n         Lugar de origen\n        <\/div>\n<\/td>\n<td colspan=\"1\" rowspan=\"1\" style=\"height:20px\">\n<div style=\"border:0px;padding:5px 10px;margin:0px;vertical-align:baseline\">\n         Porcelana\n        <\/div>\n<\/td>\n<\/tr>\n<tr>\n<td colspan=\"1\" rowspan=\"1\" style=\"height:20px\">\n<div style=\"border:0px;padding:5px 10px;margin:0px;vertical-align:baseline\">\n         Maximum engine power (kW)\n        <\/div>\n<\/td>\n<td colspan=\"1\" rowspan=\"1\" style=\"height:20px\">\n<div style=\"border:0px;padding:5px 10px;margin:0px;vertical-align:baseline\">\n         74\n        <\/div>\n<\/td>\n<td colspan=\"1\" rowspan=\"1\" style=\"height:20px\">\n<div style=\"border:0px;padding:5px 10px;margin:0px;vertical-align:baseline\">\n         Front Brake Type\n        <\/div>\n<\/td>\n<td colspan=\"1\" rowspan=\"1\" style=\"height:20px\">\n<div style=\"border:0px;padding:5px 10px;margin:0px;vertical-align:baseline\">\n         Ventilation disc type\n        <\/div>\n<\/td>\n<\/tr>\n<tr>\n<td colspan=\"1\" rowspan=\"1\" style=\"height:20px\">\n<div style=\"border:0px;padding:5px 10px;margin:0px;vertical-align:baseline\">\n         Maximum engine torque (N.m)\n        <\/div>\n<\/td>\n<td colspan=\"1\" rowspan=\"1\" style=\"height:20px\">\n<div style=\"border:0px;padding:5px 10px;margin:0px;vertical-align:baseline\">\n         126\n        <\/div>\n<\/td>\n<td colspan=\"1\" rowspan=\"1\" style=\"height:20px\">\n<div style=\"border:0px;padding:5px 10px;margin:0px;vertical-align:baseline\">\n         Rear brake type\n        <\/div>\n<\/td>\n<td colspan=\"1\" rowspan=\"1\" style=\"height:20px\">\n<div style=\"border:0px;padding:5px 10px;margin:0px;vertical-align:baseline\">\n         Disk\n        <\/div>\n<\/td>\n<\/tr>\n<tr>\n<td colspan=\"1\" rowspan=\"1\" style=\"height:20px\">\n<div style=\"border:0px;padding:5px 10px;margin:0px;vertical-align:baseline\">\n         Tipo de Bater\u00eda\n        <\/div>\n<\/td>\n<td colspan=\"1\" rowspan=\"1\" style=\"height:20px\">\n<div style=\"border:0px;padding:5px 10px;margin:0px;vertical-align:baseline\">\n         DM-i super hybrid special power type blade battery\n        <\/div>\n<\/td>\n<td colspan=\"1\" rowspan=\"1\" style=\"height:20px\">\n<div style=\"border:0px;padding:5px 10px;margin:0px;vertical-align:baseline\">\n         Front suspension type\n        <\/div>\n<\/td>\n<td colspan=\"1\" rowspan=\"1\" style=\"height:20px\">\n<div style=\"border:0px;padding:5px 10px;margin:0px;vertical-align:baseline\">\n         McPherson type independent suspension\n        <\/div>\n<\/td>\n<\/tr>\n<tr>\n<td colspan=\"1\" rowspan=\"1\" style=\"height:20px\">\n<div style=\"border:0px;padding:5px 10px;margin:0px;vertical-align:baseline\">\n         Motor type\n        <\/div>\n<\/td>\n<td colspan=\"1\" rowspan=\"1\" style=\"height:20px\">\n<div style=\"border:0px;padding:5px 10px;margin:0px;vertical-align:baseline\">\n         Permanent magnet synchronous motor\n        <\/div>\n<\/td>\n<td colspan=\"1\" rowspan=\"1\" style=\"height:20px\">\n<div style=\"border:0px;padding:5px 10px;margin:0px;vertical-align:baseline\">\n         Rear suspension type\n        <\/div>\n<\/td>\n<td colspan=\"1\" rowspan=\"1\" style=\"height:20px\">\n<div style=\"border:0px;padding:5px 10px;margin:0px;vertical-align:baseline\">\n         Torsional beam suspension\n        <\/div>\n<\/td>\n<\/tr>\n<\/tbody>\n<\/table><\/div>\n<\/p><\/div>\n<p><\/p>\n<div class=\"cke_widget_wrapper cke_widget_block\">\n<div class=\"cke-navigation cke_widget_element\" style=\"padding:10px 0;font-weight:normal;line-height:24px;border-bottom:1px solid #dfdfdf;text-align:left\">\n    <span style=\"background-color:#f2f2f2;border-radius:3px;padding:0 10px;font-weight:normal;line-height:36px;height:36px\">Detailed Photos<\/span>\n   <\/div>\n<\/p><\/div>\n<p><span><img decoding=\"async\" style=\"max-width:100%;aspect-ratio: 1060\/602\" width=\"1060\" height=\"\" data-original=\"\/\/image.made-in-china.com\/226f3j00iLuvCdjPfzkW\/Byd-Qinl-EV-Cheap-Hybrid-Sedan.webp\" src=\"\/\/image.made-in-china.com\/226f3j00iLuvCdjPfzkW\/Byd-Qinl-EV-Cheap-Hybrid-Sedan.webp\" alt=\"Byd Qinl EV Cheap Hybrid Sedan\"><\/span><span><img decoding=\"async\" style=\"max-width:100%;aspect-ratio: 1060\/776\" width=\"1060\" height=\"\" data-original=\"\/\/image.made-in-china.com\/226f3j00bDpeCfSoCzci\/Byd-Qinl-EV-Cheap-Hybrid-Sedan.webp\" src=\"\/\/image.made-in-china.com\/226f3j00bDpeCfSoCzci\/Byd-Qinl-EV-Cheap-Hybrid-Sedan.webp\" alt=\"Byd Qinl EV Cheap Hybrid Sedan\"><\/span><span><img decoding=\"async\" style=\"max-width:100%;aspect-ratio: 1060\/773\" width=\"1060\" height=\"\" data-original=\"\/\/image.made-in-china.com\/226f3j00kLzBCPKgbucl\/Byd-Qinl-EV-Cheap-Hybrid-Sedan.webp\" src=\"\/\/image.made-in-china.com\/226f3j00kLzBCPKgbucl\/Byd-Qinl-EV-Cheap-Hybrid-Sedan.webp\" alt=\"Byd Qinl EV Cheap Hybrid Sedan\"><\/span><span><img decoding=\"async\" style=\"max-width:100%;aspect-ratio: 1060\/602\" width=\"1060\" height=\"\" data-original=\"\/\/image.made-in-china.com\/226f3j00bIgvCcsFLrql\/Byd-Qinl-EV-Cheap-Hybrid-Sedan.webp\" src=\"\/\/image.made-in-china.com\/226f3j00bIgvCcsFLrql\/Byd-Qinl-EV-Cheap-Hybrid-Sedan.webp\" alt=\"Byd Qinl EV Cheap Hybrid Sedan\"><\/span><span><img decoding=\"async\" style=\"max-width:100%;aspect-ratio: 1060\/601\" width=\"1060\" height=\"\" data-original=\"\/\/image.made-in-china.com\/226f3j00bDgvesKcruql\/Byd-Qinl-EV-Cheap-Hybrid-Sedan.webp\" src=\"\/\/image.made-in-china.com\/226f3j00bDgvesKcruql\/Byd-Qinl-EV-Cheap-Hybrid-Sedan.webp\" alt=\"Byd Qinl EV Cheap Hybrid Sedan\"><\/span><\/p>\n<div class=\"cke_widget_wrapper cke_widget_block\">\n<div data-mic-template=\"\" style=\"margin:5px 0;width:100%\" class=\"cke_widget_editable cke_widget_element\">\n<div>\n<div data-mic-template-item=\"\" data-mic-template-image=\"\" style=\"padding:0 2%;vertical-align:middle;width:50%;text-align:center\">\n      <span style=\"font-size:0px\"><span><img decoding=\"async\" style=\"max-width:100%;aspect-ratio: 1060\/598\" width=\"1060\" height=\"\" data-original=\"\/\/image.made-in-china.com\/226f3j00bIrevdZjMzki\/Byd-Qinl-EV-Cheap-Hybrid-Sedan.webp\" src=\"\/\/image.made-in-china.com\/226f3j00bIrevdZjMzki\/Byd-Qinl-EV-Cheap-Hybrid-Sedan.webp\" alt=\"Byd Qinl EV Cheap Hybrid Sedan\"><\/span><\/span>\n     <\/div>\n<div data-mic-template-item=\"\" data-mic-template-image=\"\" style=\"padding:0 2%;vertical-align:middle;width:50%;text-align:center\">\n      <span style=\"font-size:0px\"><span><img decoding=\"async\" style=\"max-width:100%;aspect-ratio: 1060\/774\" width=\"1060\" height=\"\" data-original=\"\/\/image.made-in-china.com\/226f3j00MIpBeGjWCzoh\/Byd-Qinl-EV-Cheap-Hybrid-Sedan.webp\" src=\"\/\/image.made-in-china.com\/226f3j00MIpBeGjWCzoh\/Byd-Qinl-EV-Cheap-Hybrid-Sedan.webp\" alt=\"Byd Qinl EV Cheap Hybrid Sedan\"><\/span><\/span>\n     <\/div>\n<div data-mic-template-item=\"\" data-mic-template-image=\"\" style=\"padding:0 2%;vertical-align:middle;width:50%;text-align:center\">\n      <span style=\"font-size:0px\"><span><img decoding=\"async\" style=\"max-width:100%;aspect-ratio: 1060\/778\" width=\"1060\" height=\"\" data-original=\"\/\/image.made-in-china.com\/226f3j00BHrvMLjGbzqi\/Byd-Qinl-EV-Cheap-Hybrid-Sedan.webp\" src=\"\/\/image.made-in-china.com\/226f3j00BHrvMLjGbzqi\/Byd-Qinl-EV-Cheap-Hybrid-Sedan.webp\" alt=\"Byd Qinl EV Cheap Hybrid Sedan\"><\/span><\/span>\n     <\/div>\n<\/p><\/div>\n<\/p><\/div>\n<\/p><\/div>\n<p><\/p>\n<div class=\"cke_widget_wrapper cke_widget_block\">\n<div data-mic-template=\"\" style=\"margin:5px 0;width:100%\" class=\"cke_widget_editable cke_widget_element\">\n<div>\n<div data-mic-template-item=\"\" data-mic-template-image=\"\" style=\"padding:0 2%;vertical-align:middle;width:50%;text-align:center\">\n      <span style=\"font-size:0px\"><span><img decoding=\"async\" style=\"max-width:100%;aspect-ratio: 1060\/795\" width=\"1060\" height=\"\" data-original=\"\/\/image.made-in-china.com\/226f3j00eHpvMbSnluqW\/Byd-Qinl-EV-Cheap-Hybrid-Sedan.webp\" src=\"\/\/image.made-in-china.com\/226f3j00eHpvMbSnluqW\/Byd-Qinl-EV-Cheap-Hybrid-Sedan.webp\" alt=\"Byd Qinl EV Cheap Hybrid Sedan\"><\/span><\/span>\n     <\/div>\n<div data-mic-template-item=\"\" data-mic-template-image=\"\" style=\"padding:0 2%;vertical-align:middle;width:50%;text-align:center\">\n      <span style=\"font-size:0px\"><span><img decoding=\"async\" style=\"max-width:100%;aspect-ratio: 1060\/776\" width=\"1060\" height=\"\" data-original=\"\/\/image.made-in-china.com\/226f3j00MPzBesZFMrqh\/Byd-Qinl-EV-Cheap-Hybrid-Sedan.webp\" src=\"\/\/image.made-in-china.com\/226f3j00MPzBesZFMrqh\/Byd-Qinl-EV-Cheap-Hybrid-Sedan.webp\" alt=\"Byd Qinl EV Cheap Hybrid Sedan\"><\/span><\/span>\n     <\/div>\n<\/p><\/div>\n<\/p><\/div>\n<\/p><\/div>\n<p><\/p>\n<div class=\"cke_widget_wrapper cke_widget_block\">\n<div class=\"cke-navigation cke_widget_element\" style=\"padding:10px 0;font-weight:normal;line-height:24px;border-bottom:1px solid #dfdfdf;text-align:left\">\n    <span style=\"background-color:#f2f2f2;border-radius:3px;padding:0 10px;font-weight:normal;line-height:36px;height:36px\">Packaging &amp; Shipping<\/span>\n   <\/div>\n<\/p><\/div>\n<p><span><img decoding=\"async\" style=\"margin:0px;max-width:100%;aspect-ratio: 1060\/1060\" width=\"1060\" height=\"\" data-original=\"\/\/image.made-in-china.com\/226f3j00BPgeMJsckukl\/Byd-Qinl-EV-Cheap-Hybrid-Sedan.webp\" src=\"\/\/image.made-in-china.com\/226f3j00BPgeMJsckukl\/Byd-Qinl-EV-Cheap-Hybrid-Sedan.webp\" alt=\"Byd Qinl EV Cheap Hybrid Sedan\"><\/span><\/p>\n<div class=\"cke_widget_wrapper cke_widget_block\">\n<div class=\"cke-navigation cke_widget_element\" style=\"padding:10px 0;font-weight:normal;line-height:24px;border-bottom:1px solid #dfdfdf;text-align:left\">\n    <span style=\"background-color:#f2f2f2;border-radius:3px;padding:0 10px;font-weight:normal;line-height:36px;height:36px\">Perfil de la empresa<\/span>\n   <\/div>\n<\/p><\/div>\n<p><\/p>\n<div>\n<h1>&#8216;Oulong Automobile Trade Group Co., Ltd.&#8217;<\/h1>\n<p>&#8216;Oulong Automobile Trade Group Co., Ltd.&#8217; stands at the forefront of China&#8217;s automotive sales and service industry. Founded in 1995, we specialize in an extensive array of services that encompass new car sales, automotive maintenance, parts supply, and the exportation of both new and used vehicles. Authorized by the Chinese Provincial Department of Commerce, we are fully equipped to facilitate export activities.<\/p>\n<p>Besides our core offerings, we deliver a suite of automotive derivative services, operate driver training schools, manage motor inspection stations, and run comprehensive automotive commercial complexes. Our robust presence spans across Zhejiang, Jiangxi, Anhui, Shandong, Jiangsu, Fujian, and other regions. Currently, we proudly operate 76 authorized dealerships and oversee 3 associated automotive industries.<\/p>\n<p>We are honored to be recognized among China&#8217;s Top 500 service companies and are a leading entity within Zhejiang Province&#8217;s service sector. Our dedication to excellence is further demonstrated through our roles as a vice chairman unit of the China Automobile Dealers Association and as a member unit of the joint committee of the Zhejiang Federation of Industry and Commerce.<\/p>\n<\/p><\/div>\n<p><span><img decoding=\"async\" style=\"margin:0px;max-width:100%;aspect-ratio: 1060\/670\" width=\"1060\" height=\"\" data-original=\"\/\/image.made-in-china.com\/226f3j00KIrevfZgbzoi\/Byd-Qinl-EV-Cheap-Hybrid-Sedan.webp\" src=\"\/\/image.made-in-china.com\/226f3j00KIrevfZgbzoi\/Byd-Qinl-EV-Cheap-Hybrid-Sedan.webp\" alt=\"Byd Qinl EV Cheap Hybrid Sedan\"><\/span><\/p>\n<div class=\"cke_widget_wrapper cke_widget_block\">\n<div data-mic-template=\"\" style=\"margin:5px 0;width:100%\" class=\"cke_widget_editable cke_widget_element\">\n<div>\n<div data-mic-template-item=\"\" data-mic-template-image=\"\" style=\"padding:0 2%;vertical-align:middle;width:50%;text-align:center\">\n      <span style=\"font-size:0px\"><span><img decoding=\"async\" style=\"margin:0px;max-width:100%;aspect-ratio: 1060\/595\" width=\"1060\" height=\"\" data-original=\"\/\/image.made-in-china.com\/226f3j00SDpvMIZJlrkW\/Byd-Qinl-EV-Cheap-Hybrid-Sedan.webp\" src=\"\/\/image.made-in-china.com\/226f3j00SDpvMIZJlrkW\/Byd-Qinl-EV-Cheap-Hybrid-Sedan.webp\" alt=\"Byd Qinl EV Cheap Hybrid Sedan\"><\/span><\/span>\n     <\/div>\n<div data-mic-template-item=\"\" data-mic-template-image=\"\" style=\"padding:0 2%;vertical-align:middle;width:50%;text-align:center\">\n      <span style=\"font-size:0px\"><span><img decoding=\"async\" style=\"margin:0px;max-width:100%;aspect-ratio: 1060\/595\" width=\"1060\" height=\"\" data-original=\"\/\/image.made-in-china.com\/226f3j00sPuBekjGngbV\/Byd-Qinl-EV-Cheap-Hybrid-Sedan.webp\" src=\"\/\/image.made-in-china.com\/226f3j00sPuBekjGngbV\/Byd-Qinl-EV-Cheap-Hybrid-Sedan.webp\" alt=\"Byd Qinl EV Cheap Hybrid Sedan\"><\/span><\/span>\n     <\/div>\n<\/p><\/div>\n<\/p><\/div>\n<\/p><\/div>\n<p><\/p>\n<div class=\"cke_widget_wrapper cke_widget_block\">\n<div class=\"cke-navigation cke_widget_element\" style=\"padding:10px 0;font-weight:normal;line-height:24px;border-bottom:1px solid #dfdfdf;text-align:left\">\n    <span style=\"background-color:#f2f2f2;border-radius:3px;padding:0 10px;font-weight:normal;line-height:36px;height:36px\">Our Advantages<\/span>\n   <\/div>\n<\/p><\/div>\n<p><\/p>\n<div>\n<div id=\"ali-anchor-AliMagic-7uas29\" style=\"border:0px;padding:0px;margin:0px;font-weight:inherit;vertical-align:baseline;font-size:14px;line-height:inherit;font-style:inherit;font-variant:inherit;font-family:Arial, Helvetica, sans-serif\">\n    Por qu\u00e9 elegirnos\n   <\/div>\n<p style=\"border:0px;padding:0px;margin:1em 0px;font-size:14px;font-family:Arial, Helvetica, sans-serif;line-height:inherit\"><span style=\"border:0px;padding:0px;font-family:Arial, Helvetica, sans-serif\"><i style=\"font-size:14px;font-family:Arial, Helvetica, sans-serif\">1. <b style=\"font-size:14px;font-family:Arial, Helvetica, sans-serif\">Precio competitivo <\/b>: With export certificates and tax refunds, we collaborate with numerous car brands to secure the lowest prices. We are eager to partner with agents and dealers worldwide.<\/i><\/span><\/p>\n<p>2. <b style=\"font-size:14px;font-family:Arial, Helvetica, sans-serif\">Cadena de suministro estable <\/b>: Direct factory reservations ensure we maintain a reliable and adequate supply.<br \/>\n   <br \/>\n   3. <b style=\"font-size:14px;font-family:Arial, Helvetica, sans-serif\">Entrega continua y r\u00e1pida <\/b>: Our advanced multi-modal transport system ensures swift delivery to our customers.<br \/>\n   <br \/>\n   4. <b style=\"font-size:14px;font-family:Arial, Helvetica, sans-serif\">Servicio postventa perfecto <\/b>: With over 15 years of expertise in the automotive industry, our professional team and after-sales service system stand ready to assist you.<br \/>\n   <br \/>\n   sistema de servicio postventa.<br \/>\n   <br \/>\n   5. <b style=\"font-size:14px;font-family:Arial, Helvetica, sans-serif\">Servicio de una parada <\/b>: Beyond providing vehicles, we offer accessories, charging stations, and additional services to meet all your needs.<br \/>\n   \n  <\/div>\n<div class=\"cke_widget_wrapper cke_widget_block\">\n<div class=\"cke-navigation cke_widget_element\" style=\"padding:10px 0;font-weight:normal;line-height:24px;border-bottom:1px solid #dfdfdf;text-align:left\">\n    <span style=\"background-color:#f2f2f2;border-radius:3px;padding:0 10px;font-weight:normal;line-height:36px;height:36px\">Preguntas m\u00e1s frecuentes<\/span>\n   <\/div>\n<\/p><\/div>\n<p><\/p>\n<div>\n<p style=\"border:0px;padding:0px;margin:1em 0px;color:#000000;font-size:14px;font-family:Arial, Helvetica, sans-serif;line-height:inherit;text-align:start\"><b style=\"font-size:14px;font-family:Arial, Helvetica, sans-serif\">P: \u00bfTienes stock ahora? <\/b><br \/>\n    A: We operate a large warehouse stocked with many EV cars, ensuring quick delivery times. Please contact us to check inventory and access our competitive pricing. <br \/>\n    Por favor cont\u00e1ctenos para verificar stock y obtener precios competitivos.<\/p>\n<p><b style=\"font-size:14px;font-family:Arial, Helvetica, sans-serif\">P: \u00bfQu\u00e9 marca de coche el\u00e9ctrico podr\u00eda suministrar? <\/b><br \/>\n   <br \/>\n   A: We can supply electric cars from Volkswagen, BYD, Zeekr, NiO, X-Peng, Hongqi, Wuling, and any other brand you desire. <\/p>\n<p style=\"border:0px;padding:0px;margin:1em 0px;font-size:14px;font-family:Arial, Helvetica, sans-serif;line-height:inherit\"><b style=\"font-size:14px;font-family:Arial, Helvetica, sans-serif\">Q:What&#8217;s your minimum Order quantity? <\/b><br \/>\n    A: Our minimum order quantity is just 1 unit.<\/p>\n<p style=\"border:0px;padding:0px;margin:1em 0px;font-size:14px;font-family:Arial, Helvetica, sans-serif;line-height:inherit\"><b style=\"font-size:14px;font-family:Arial, Helvetica, sans-serif\">P: \u00bfQu\u00e9 puedes comprarnos? <\/b><br \/>\n    A: We offer New Energy Vehicles and New Energy Vehicle Parts &amp; Accessories.<\/p>\n<\/p><\/div>\n<p> <!-- sensorsCode --><!-- End sensorsCode --><\/p><\/div>\n<\/p><\/div>\n<\/div>","protected":false},"excerpt":{"rendered":"<div class=\"sr-proMainInfo-baseInfo-propertyAttr\">\n<div class=\"attr-line\"><\/div>\n<table>\n<tbody>\n<tr>\n<th width=\"160\" class=\"th-label\">After-sales Service:<\/th>\n<td>Online and Offline Sales Service<\/td>\n<\/tr>\n<tr>\n<th width=\"160\" class=\"th-label\">Warranty:<\/th>\n<td>3 Years<\/td>\n<\/tr>\n<tr>\n<th width=\"160\" class=\"th-label\">Voltage:<\/th>\n<td>72V<\/td>\n<\/tr>\n<tr>\n<th width=\"160\" class=\"th-label\">Power:<\/th>\n<td>None<\/td>\n<\/tr>\n<tr>\n<th width=\"160\" class=\"th-label\">Seat No.:<\/th>\n<td>5<\/td>\n<\/tr>\n<tr>\n<th width=\"160\" class=\"th-label\">Type:<\/th>\n<td>PHEV<\/td>\n<\/tr>\n<\/tbody>\n<\/table><\/div>","protected":false},"featured_media":2778,"comment_status":"open","ping_status":"closed","template":"","meta":[],"product_cat":[94],"product_tag":[],"class_list":["post-2784","product","type-product","status-publish","has-post-thumbnail","hentry","product_cat-electric-car"],"_links":{"self":[{"href":"https:\/\/oulongauto.com\/es\/wp-json\/wp\/v2\/product\/2784","targetHints":{"allow":["GET"]}}],"collection":[{"href":"https:\/\/oulongauto.com\/es\/wp-json\/wp\/v2\/product"}],"about":[{"href":"https:\/\/oulongauto.com\/es\/wp-json\/wp\/v2\/types\/product"}],"replies":[{"embeddable":true,"href":"https:\/\/oulongauto.com\/es\/wp-json\/wp\/v2\/comments?post=2784"}],"wp:featuredmedia":[{"embeddable":true,"href":"https:\/\/oulongauto.com\/es\/wp-json\/wp\/v2\/media\/2778"}],"wp:attachment":[{"href":"https:\/\/oulongauto.com\/es\/wp-json\/wp\/v2\/media?parent=2784"}],"wp:term":[{"taxonomy":"product_cat","embeddable":true,"href":"https:\/\/oulongauto.com\/es\/wp-json\/wp\/v2\/product_cat?post=2784"},{"taxonomy":"product_tag","embeddable":true,"href":"https:\/\/oulongauto.com\/es\/wp-json\/wp\/v2\/product_tag?post=2784"}],"curies":[{"name":"wp","href":"https:\/\/api.w.org\/{rel}","templated":true}]}}