{"id":2826,"date":"2024-06-26T15:40:05","date_gmt":"2024-06-26T07:40:05","guid":{"rendered":"https:\/\/oulongauto.com\/product\/2024-byd-qinl-dmi-new-energy-car\/"},"modified":"2025-05-17T01:29:24","modified_gmt":"2025-05-16T17:29:24","slug":"2024-byd-qinl-dmi-new-energy-car","status":"publish","type":"product","link":"https:\/\/oulongauto.com\/es\/product\/2024-byd-qinl-dmi-new-energy-car\/","title":{"rendered":"2024 Byd Qinl Dmi New Energy Car"},"content":{"rendered":"<div id=\"oulongauto-desc-content\">\n<div class=\"sr-layout-subblock\">\n<div class=\"sr-txt-title\">\n<h2 class=\"sr-txt-h2\">Basic Info.<\/h2>\n<\/p><\/div>\n<div class=\"sr-layout-content\">\n<div class=\"basic-info-list\">\n<div class=\"bsc-item cf\">\n<div class=\"bac-item-label fl\">Model NO.<\/div>\n<div class=\"bac-item-value fl\">Qin L<\/div>\n<\/p><\/div>\n<div class=\"bsc-item cf\">\n<div class=\"bac-item-label fl\">Certification<\/div>\n<div class=\"bac-item-value fl\">EPA, CCC, DOT, EEC, CE<\/div>\n<\/p><\/div>\n<div class=\"bsc-item cf\">\n<div class=\"bac-item-label fl\">Body Type<\/div>\n<div class=\"bac-item-value fl\">Closed<\/div>\n<\/p><\/div>\n<div class=\"bsc-item cf\">\n<div class=\"bac-item-label fl\">Number of Doors (PCS)<\/div>\n<div class=\"bac-item-value fl\">4<\/div>\n<\/p><\/div>\n<div class=\"bsc-item cf\">\n<div class=\"bac-item-label fl\">Number of Seats (Pieces)<\/div>\n<div class=\"bac-item-value fl\">5<\/div>\n<\/p><\/div>\n<div class=\"bsc-item cf\">\n<div class=\"bac-item-label fl\">Curb Weight (Kg)<\/div>\n<div class=\"bac-item-value fl\">1660<\/div>\n<\/p><\/div>\n<div class=\"bsc-item cf\">\n<div class=\"bac-item-label fl\">Full Load Weight (Kg)<\/div>\n<div class=\"bac-item-value fl\">2035<\/div>\n<\/p><\/div>\n<div class=\"bsc-item cf\">\n<div class=\"bac-item-label fl\">Transport Package<\/div>\n<div class=\"bac-item-value fl\">Roll-on-Roll-off Ship<\/div>\n<\/p><\/div>\n<div class=\"bsc-item cf\">\n<div class=\"bac-item-label fl\">Especificaci\u00f3n<\/div>\n<div class=\"bac-item-value fl\">4830x1900x1495<\/div>\n<\/p><\/div>\n<div class=\"bsc-item cf\">\n<div class=\"bac-item-label fl\">Trademark<\/div>\n<div class=\"bac-item-value fl\">BYD<\/div>\n<\/p><\/div>\n<div class=\"bsc-item cf\">\n<div class=\"bac-item-label fl\">Origin<\/div>\n<div class=\"bac-item-value fl\">Porcelana<\/div>\n<\/p><\/div>\n<div class=\"bsc-item cf\">\n<div class=\"bac-item-label fl\">HS Code<\/div>\n<div class=\"bac-item-value fl\">870380001<\/div>\n<\/p><\/div>\n<div class=\"bsc-item cf\">\n<div class=\"bac-item-label fl\">Production Capacity<\/div>\n<div class=\"bac-item-value fl\">1000unit\/Year<\/div>\n<\/p><\/div>\n<\/p><\/div>\n<\/p><\/div>\n<\/p><\/div>\n<div class=\"sr-txt-title\">\n<h2 class=\"sr-txt-h2\">Descripci\u00f3n del Producto<\/h2>\n<\/p><\/div>\n<div class=\"async-rich-info\">\n<div class=\"rich-text cf\">\n<div class=\"cke_widget_wrapper cke_widget_block\">\n<div class=\"cke-navigation cke_widget_element\" style=\"padding:10px 0;font-weight:normal;line-height:24px;border-bottom:1px solid #dfdfdf;text-align:left\">\n    <span style=\"background-color:#f2f2f2;border-radius:3px;padding:0 10px;font-weight:normal;line-height:36px;height:36px\">Descripci\u00f3n del Producto<\/span>\n   <\/div>\n<\/p><\/div>\n<p><\/p>\n<div class=\"cke_widget_wrapper cke_widget_block\">\n<div class=\"rich-text-table\">\n<table style=\"background-color:#ffffff;margin:0px;max-width:1060px;text-align:start\">\n<tbody>\n<tr>\n<td colspan=\"1\" rowspan=\"1\" style=\"background-color:#f7f8fa;height:20px\">\n<div style=\"border:0px;padding:5px 10px;margin:0px;vertical-align:baseline\">\n         Length, width and height (mm)\n        <\/div>\n<\/td>\n<td colspan=\"1\" rowspan=\"1\" style=\"background-color:#f7f8fa;height:20px\">\n<div style=\"border:0px;padding:5px 10px;margin:0px;vertical-align:baseline\">\n         4830\u00d71900\u00d71495\n        <\/div>\n<\/td>\n<td colspan=\"1\" rowspan=\"1\" style=\"background-color:#f7f8fa;height:20px\">\u00a0 \u00a0Front Suspension<\/td>\n<td colspan=\"1\" rowspan=\"1\" style=\"background-color:#f7f8fa;height:20px\"><span style=\"color:#333333;font-family:Arial, Helvetica, sans-serif;text-align:start\"><span style=\"font-size:16px\">Mcphersonindependent suspension<\/span><\/span><\/td>\n<\/tr>\n<tr>\n<td colspan=\"1\" rowspan=\"1\" style=\"height:20px\">\n<div style=\"border:0px;padding:5px 10px;margin:0px;vertical-align:baseline\">\n         Front \/ rear of rotation (mm)\n        <\/div>\n<\/td>\n<td colspan=\"1\" rowspan=\"1\" style=\"height:20px\">\n<div style=\"border:0px;padding:5px 10px;margin:0px;vertical-align:baseline\">\n         1620\/1620\n        <\/div>\n<\/td>\n<td colspan=\"1\" rowspan=\"1\" style=\"height:20px\">\n<div style=\"border:0px;padding:5px 10px;margin:0px;vertical-align:baseline\">\n         Rear Suspension\n        <\/div>\n<\/td>\n<td colspan=\"1\" rowspan=\"1\" style=\"height:20px\">\n<div style=\"border:0px;padding:5px 10px;margin:0px;vertical-align:baseline\">\n         <span style=\"font-size:16px\"><span style=\"color:#333333;font-family:Arial, Helvetica, sans-serif;text-align:start\">Four link independent suspension<\/span><\/span>\n        <\/div>\n<\/td>\n<\/tr>\n<tr>\n<td colspan=\"1\" rowspan=\"1\" style=\"height:20px\">\n<div style=\"border:0px;padding:5px 10px;margin:0px;vertical-align:baseline\">\n         Minimum turning radius (m)\n        <\/div>\n<\/td>\n<td colspan=\"1\" rowspan=\"1\" style=\"height:20px\">\n<div style=\"border:0px;padding:5px 10px;margin:0px;vertical-align:baseline\">\n         5.6\n        <\/div>\n<\/td>\n<td colspan=\"1\" rowspan=\"1\" style=\"height:20px\">\n<div style=\"border:0px;padding:5px 10px;margin:0px;vertical-align:baseline\">\n         WLTC integrated working condition of pure electric driving range (km)\n        <\/div>\n<\/td>\n<td colspan=\"1\" rowspan=\"1\" style=\"height:20px\">\n<div style=\"border:0px;padding:5px 10px;margin:0px;vertical-align:baseline\">\n         60\n        <\/div>\n<\/td>\n<\/tr>\n<tr>\n<td colspan=\"1\" rowspan=\"1\" style=\"height:20px\">\n<div style=\"border:0px;padding:5px 10px;margin:0px;vertical-align:baseline\">\n         fuel tank capacity (L)\n        <\/div>\n<\/td>\n<td colspan=\"1\" rowspan=\"1\" style=\"height:20px\">\n<div style=\"border:0px;padding:5px 10px;margin:0px;vertical-align:baseline\">\n         65\n        <\/div>\n<\/td>\n<td colspan=\"1\" rowspan=\"1\" style=\"height:20px\">\n<div style=\"border:0px;padding:5px 10px;margin:0px;vertical-align:baseline\">\n         WLTC integrated fuel consumption (L \/ 100km)\n        <\/div>\n<\/td>\n<td colspan=\"1\" rowspan=\"1\" style=\"height:20px\">\n<div style=\"border:0px;padding:5px 10px;margin:0px;vertical-align:baseline\">\n         1.36\n        <\/div>\n<\/td>\n<\/tr>\n<tr>\n<td colspan=\"1\" rowspan=\"1\" style=\"height:20px\">\n<div style=\"border:0px;padding:5px 10px;margin:0px;vertical-align:baseline\">\n         tyre size\n        <\/div>\n<\/td>\n<td colspan=\"1\" rowspan=\"1\" style=\"height:20px\">\n<div style=\"border:0px;padding:5px 10px;margin:0px;vertical-align:baseline\">\n         225\/60 R16\n        <\/div>\n<\/td>\n<td colspan=\"1\" rowspan=\"1\" style=\"height:20px\">\u00a0 Steering System<\/td>\n<td colspan=\"1\" rowspan=\"1\" style=\"height:20px\">\n<div style=\"border:0px;padding:5px 10px;margin:0px;vertical-align:baseline\">\n         DMI\n        <\/div>\n<\/td>\n<\/tr>\n<tr>\n<td colspan=\"1\" rowspan=\"1\" style=\"height:20px\">\u00a0 \u00a0wheel base (mm)<\/td>\n<td colspan=\"1\" rowspan=\"1\" style=\"height:20px\">\n<div style=\"border:0px;padding:5px 10px;margin:0px;vertical-align:baseline\">\n         2790\n        <\/div>\n<\/td>\n<td colspan=\"1\" rowspan=\"1\" style=\"height:20px\">\n<div style=\"border:0px;padding:5px 10px;margin:0px;vertical-align:baseline\">\n         0-100 km\/h Acceleration Time (s)\n        <\/div>\n<\/td>\n<td colspan=\"1\" rowspan=\"1\" style=\"height:20px\">\n<div style=\"border:0px;padding:5px 10px;margin:0px;vertical-align:baseline\">\n         7.9\n        <\/div>\n<\/td>\n<\/tr>\n<tr>\n<td colspan=\"1\" rowspan=\"1\" style=\"height:20px\">\n<div style=\"border:0px;padding:5px 10px;margin:0px;vertical-align:baseline\">\n         displacement (L)\n        <\/div>\n<\/td>\n<td colspan=\"1\" rowspan=\"1\" style=\"height:20px\">\n<div style=\"border:0px;padding:5px 10px;margin:0px;vertical-align:baseline\">\n         1.5\n        <\/div>\n<\/td>\n<td colspan=\"1\" rowspan=\"1\" style=\"height:20px\">\n<div style=\"border:0px;padding:5px 10px;margin:0px;vertical-align:baseline\">\n         Lugar de origen\n        <\/div>\n<\/td>\n<td colspan=\"1\" rowspan=\"1\" style=\"height:20px\">\n<div style=\"border:0px;padding:5px 10px;margin:0px;vertical-align:baseline\">\n         Porcelana\n        <\/div>\n<\/td>\n<\/tr>\n<tr>\n<td colspan=\"1\" rowspan=\"1\" style=\"height:20px\">\n<div style=\"border:0px;padding:5px 10px;margin:0px;vertical-align:baseline\">\n         Maximum engine power (kW)\n        <\/div>\n<\/td>\n<td colspan=\"1\" rowspan=\"1\" style=\"height:20px\">\n<div style=\"border:0px;padding:5px 10px;margin:0px;vertical-align:baseline\">\n         74\n        <\/div>\n<\/td>\n<td colspan=\"1\" rowspan=\"1\" style=\"height:20px\">\n<div style=\"border:0px;padding:5px 10px;margin:0px;vertical-align:baseline\">\n         Front Brake Type\n        <\/div>\n<\/td>\n<td colspan=\"1\" rowspan=\"1\" style=\"height:20px\">\n<div style=\"border:0px;padding:5px 10px;margin:0px;vertical-align:baseline\">\n         Ventilation disc type\n        <\/div>\n<\/td>\n<\/tr>\n<tr>\n<td colspan=\"1\" rowspan=\"1\" style=\"height:20px\">\n<div style=\"border:0px;padding:5px 10px;margin:0px;vertical-align:baseline\">\n         Maximum engine torque (N.m)\n        <\/div>\n<\/td>\n<td colspan=\"1\" rowspan=\"1\" style=\"height:20px\">\n<div style=\"border:0px;padding:5px 10px;margin:0px;vertical-align:baseline\">\n         126\n        <\/div>\n<\/td>\n<td colspan=\"1\" rowspan=\"1\" style=\"height:20px\">\n<div style=\"border:0px;padding:5px 10px;margin:0px;vertical-align:baseline\">\n         Rear brake type\n        <\/div>\n<\/td>\n<td colspan=\"1\" rowspan=\"1\" style=\"height:20px\">\n<div style=\"border:0px;padding:5px 10px;margin:0px;vertical-align:baseline\">\n         Disk\n        <\/div>\n<\/td>\n<\/tr>\n<tr>\n<td colspan=\"1\" rowspan=\"1\" style=\"height:20px\">\n<div style=\"border:0px;padding:5px 10px;margin:0px;vertical-align:baseline\">\n         Tipo de Bater\u00eda\n        <\/div>\n<\/td>\n<td colspan=\"1\" rowspan=\"1\" style=\"height:20px\">\n<div style=\"border:0px;padding:5px 10px;margin:0px;vertical-align:baseline\">\n         DM-i super hybrid special power type blade battery\n        <\/div>\n<\/td>\n<td colspan=\"1\" rowspan=\"1\" style=\"height:20px\">\n<div style=\"border:0px;padding:5px 10px;margin:0px;vertical-align:baseline\">\n         Front suspension type\n        <\/div>\n<\/td>\n<td colspan=\"1\" rowspan=\"1\" style=\"height:20px\">\n<div style=\"border:0px;padding:5px 10px;margin:0px;vertical-align:baseline\">\n         McPherson type independent suspension\n        <\/div>\n<\/td>\n<\/tr>\n<tr>\n<td colspan=\"1\" rowspan=\"1\" style=\"height:20px\">\n<div style=\"border:0px;padding:5px 10px;margin:0px;vertical-align:baseline\">\n         Motor type\n        <\/div>\n<\/td>\n<td colspan=\"1\" rowspan=\"1\" style=\"height:20px\">\n<div style=\"border:0px;padding:5px 10px;margin:0px;vertical-align:baseline\">\n         Permanent magnet synchronous motor\n        <\/div>\n<\/td>\n<td colspan=\"1\" rowspan=\"1\" style=\"height:20px\">\n<div style=\"border:0px;padding:5px 10px;margin:0px;vertical-align:baseline\">\n         Rear suspension type\n        <\/div>\n<\/td>\n<td colspan=\"1\" rowspan=\"1\" style=\"height:20px\">\n<div style=\"border:0px;padding:5px 10px;margin:0px;vertical-align:baseline\">\n         Torsional beam suspension\n        <\/div>\n<\/td>\n<\/tr>\n<\/tbody>\n<\/table><\/div>\n<\/p><\/div>\n<p><\/p>\n<div class=\"cke_widget_wrapper cke_widget_block\">\n<div class=\"cke-navigation cke_widget_element\" style=\"padding:10px 0;font-weight:normal;line-height:24px;border-bottom:1px solid #dfdfdf;text-align:left\">\n    <span style=\"background-color:#f2f2f2;border-radius:3px;padding:0 10px;font-weight:normal;line-height:36px;height:36px\">Detailed Photos<\/span>\n   <\/div>\n<\/p><\/div>\n<p><span><img decoding=\"async\" style=\"max-width:100%;aspect-ratio: 1060\/602\" width=\"1060\" height=\"\" data-original=\"\/\/image.made-in-china.com\/226f3j00iPgChDMcZzkK\/2024-Byd-Qinl-Dmi-New-Energy-Car.webp\" src=\"\/\/image.made-in-china.com\/226f3j00iPgChDMcZzkK\/2024-Byd-Qinl-Dmi-New-Energy-Car.webp\" alt=\"2024 Byd Qinl Dmi New Energy Car\"><\/span><span><img decoding=\"async\" style=\"max-width:100%;aspect-ratio: 1060\/776\" width=\"1060\" height=\"\" data-original=\"\/\/image.made-in-china.com\/226f3j00VIpBWqvyrzkS\/2024-Byd-Qinl-Dmi-New-Energy-Car.webp\" src=\"\/\/image.made-in-china.com\/226f3j00VIpBWqvyrzkS\/2024-Byd-Qinl-Dmi-New-Energy-Car.webp\" alt=\"2024 Byd Qinl Dmi New Energy Car\"><\/span><span><img decoding=\"async\" style=\"max-width:100%;aspect-ratio: 1060\/773\" width=\"1060\" height=\"\" data-original=\"\/\/image.made-in-china.com\/226f3j00WLgeVSMBrzbj\/2024-Byd-Qinl-Dmi-New-Energy-Car.webp\" src=\"\/\/image.made-in-china.com\/226f3j00WLgeVSMBrzbj\/2024-Byd-Qinl-Dmi-New-Energy-Car.webp\" alt=\"2024 Byd Qinl Dmi New Energy Car\"><\/span><span><img decoding=\"async\" style=\"max-width:100%;aspect-ratio: 1060\/602\" width=\"1060\" height=\"\" data-original=\"\/\/image.made-in-china.com\/226f3j00lPrBWwvdSubK\/2024-Byd-Qinl-Dmi-New-Energy-Car.webp\" src=\"\/\/image.made-in-china.com\/226f3j00lPrBWwvdSubK\/2024-Byd-Qinl-Dmi-New-Energy-Car.webp\" alt=\"2024 Byd Qinl Dmi New Energy Car\"><\/span><span><img decoding=\"async\" style=\"max-width:100%;aspect-ratio: 1060\/601\" width=\"1060\" height=\"\" data-original=\"\/\/image.made-in-china.com\/226f3j00qIzeWRCrHukK\/2024-Byd-Qinl-Dmi-New-Energy-Car.webp\" src=\"\/\/image.made-in-china.com\/226f3j00qIzeWRCrHukK\/2024-Byd-Qinl-Dmi-New-Energy-Car.webp\" alt=\"2024 Byd Qinl Dmi New Energy Car\"><\/span><\/p>\n<div class=\"cke_widget_wrapper cke_widget_block\">\n<div data-mic-template=\"\" style=\"margin:5px 0;width:100%\" class=\"cke_widget_editable cke_widget_element\">\n<div>\n<div data-mic-template-item=\"\" data-mic-template-image=\"\" style=\"padding:0 2%;vertical-align:middle;width:50%;text-align:center\">\n      <span style=\"font-size:0px\"><span><img decoding=\"async\" style=\"max-width:100%;aspect-ratio: 1060\/598\" width=\"1060\" height=\"\" data-original=\"\/\/image.made-in-china.com\/226f3j00oDpeWHMqngkj\/2024-Byd-Qinl-Dmi-New-Energy-Car.webp\" src=\"\/\/image.made-in-china.com\/226f3j00oDpeWHMqngkj\/2024-Byd-Qinl-Dmi-New-Energy-Car.webp\" alt=\"2024 Byd Qinl Dmi New Energy Car\"><\/span><\/span>\n     <\/div>\n<div data-mic-template-item=\"\" data-mic-template-image=\"\" style=\"padding:0 2%;vertical-align:middle;width:50%;text-align:center\">\n      <span style=\"font-size:0px\"><span><img decoding=\"async\" style=\"max-width:100%;aspect-ratio: 1060\/774\" width=\"1060\" height=\"\" data-original=\"\/\/image.made-in-china.com\/226f3j00cPuCiqMyLrkK\/2024-Byd-Qinl-Dmi-New-Energy-Car.webp\" src=\"\/\/image.made-in-china.com\/226f3j00cPuCiqMyLrkK\/2024-Byd-Qinl-Dmi-New-Energy-Car.webp\" alt=\"2024 Byd Qinl Dmi New Energy Car\"><\/span><\/span>\n     <\/div>\n<div data-mic-template-item=\"\" data-mic-template-image=\"\" style=\"padding:0 2%;vertical-align:middle;width:50%;text-align:center\">\n      <span style=\"font-size:0px\"><span><img decoding=\"async\" style=\"max-width:100%;aspect-ratio: 1060\/778\" width=\"1060\" height=\"\" data-original=\"\/\/image.made-in-china.com\/226f3j00oDpMiSBGnzcZ\/2024-Byd-Qinl-Dmi-New-Energy-Car.webp\" src=\"\/\/image.made-in-china.com\/226f3j00oDpMiSBGnzcZ\/2024-Byd-Qinl-Dmi-New-Energy-Car.webp\" alt=\"2024 Byd Qinl Dmi New Energy Car\"><\/span><\/span>\n     <\/div>\n<\/p><\/div>\n<\/p><\/div>\n<\/p><\/div>\n<p><\/p>\n<div class=\"cke_widget_wrapper cke_widget_block\">\n<div data-mic-template=\"\" style=\"margin:5px 0;width:100%\" class=\"cke_widget_editable cke_widget_element\">\n<div>\n<div data-mic-template-item=\"\" data-mic-template-image=\"\" style=\"padding:0 2%;vertical-align:middle;width:50%;text-align:center\">\n      <span style=\"font-size:0px\"><span><img decoding=\"async\" style=\"max-width:100%;aspect-ratio: 1060\/795\" width=\"1060\" height=\"\" data-original=\"\/\/image.made-in-china.com\/226f3j00oPzelJMhLpcS\/2024-Byd-Qinl-Dmi-New-Energy-Car.webp\" src=\"\/\/image.made-in-china.com\/226f3j00oPzelJMhLpcS\/2024-Byd-Qinl-Dmi-New-Energy-Car.webp\" alt=\"2024 Byd Qinl Dmi New Energy Car\"><\/span><\/span>\n     <\/div>\n<div data-mic-template-item=\"\" data-mic-template-image=\"\" style=\"padding:0 2%;vertical-align:middle;width:50%;text-align:center\">\n      <span style=\"font-size:0px\"><span><img decoding=\"async\" style=\"max-width:100%;aspect-ratio: 1060\/776\" width=\"1060\" height=\"\" data-original=\"\/\/image.made-in-china.com\/226f3j00ePrBifvSAgbj\/2024-Byd-Qinl-Dmi-New-Energy-Car.webp\" src=\"\/\/image.made-in-china.com\/226f3j00ePrBifvSAgbj\/2024-Byd-Qinl-Dmi-New-Energy-Car.webp\" alt=\"2024 Byd Qinl Dmi New Energy Car\"><\/span><\/span>\n     <\/div>\n<\/p><\/div>\n<\/p><\/div>\n<\/p><\/div>\n<p><\/p>\n<div class=\"cke_widget_wrapper cke_widget_block\">\n<div class=\"cke-navigation cke_widget_element\" style=\"padding:10px 0;font-weight:normal;line-height:24px;border-bottom:1px solid #dfdfdf;text-align:left\">\n    <span style=\"background-color:#f2f2f2;border-radius:3px;padding:0 10px;font-weight:normal;line-height:36px;height:36px\">Packaging &amp; Shipping<\/span>\n   <\/div>\n<\/p><\/div>\n<p><span><img decoding=\"async\" style=\"margin:0px;max-width:100%;aspect-ratio: 1060\/1060\" width=\"1060\" height=\"\" data-original=\"\/\/image.made-in-china.com\/226f3j00CPgMiLecAuqS\/2024-Byd-Qinl-Dmi-New-Energy-Car.webp\" src=\"\/\/image.made-in-china.com\/226f3j00CPgMiLecAuqS\/2024-Byd-Qinl-Dmi-New-Energy-Car.webp\" alt=\"2024 Byd Qinl Dmi New Energy Car\"><\/span><\/p>\n<div class=\"cke_widget_wrapper cke_widget_block\">\n<div class=\"cke-navigation cke_widget_element\" style=\"padding:10px 0;font-weight:normal;line-height:24px;border-bottom:1px solid #dfdfdf;text-align:left\">\n    <span style=\"background-color:#f2f2f2;border-radius:3px;padding:0 10px;font-weight:normal;line-height:36px;height:36px\">Perfil de la empresa<\/span>\n   <\/div>\n<\/p><\/div>\n<p><\/p>\n<div>\n<h1>&#8216;Oulong Automobile Trade Group Co., Ltd.&#8217;<\/h1>\n<p>&#8216;Oulong Automobile Trade Group Co., Ltd.&#8217; is a leading automotive comprehensive sales and service operator in China. Established in 1995, our company offers a wide range of services including new car sales, automotive maintenance, parts supply, and new &amp; used car export business. We have been authorized by the Chinese Provincial Department of Commerce to engage in export activities.<\/p>\n<p>In addition to our core services, we also provide automotive derivative services, driver training school, motor inspection stations, and operate automotive commercial complexes. With a strong presence in Zhejiang, Jiangxi, Anhui, Shandong, Jiangsu, Fujian, and other regions, we currently own 76 authorized dealerships and 3 related automotive industries.<\/p>\n<p>We are proud to be recognized as one of the Top 500 service companies in China and a leading enterprise in the service industry in Zhejiang Province. Our commitment to excellence is reflected in our membership as a vice chairman unit of the China Automobile Dealers Association and a member unit of the joint committee of the Zhejiang Federation of Industry and Commerce.<\/p>\n<\/p><\/div>\n<p><span><img decoding=\"async\" style=\"margin:0px;max-width:100%;aspect-ratio: 1060\/670\" width=\"1060\" height=\"\" data-original=\"\/\/image.made-in-china.com\/226f3j00CDuvlqBnlroZ\/2024-Byd-Qinl-Dmi-New-Energy-Car.webp\" src=\"\/\/image.made-in-china.com\/226f3j00CDuvlqBnlroZ\/2024-Byd-Qinl-Dmi-New-Energy-Car.webp\" alt=\"2024 Byd Qinl Dmi New Energy Car\"><\/span><\/p>\n<div class=\"cke_widget_wrapper cke_widget_block\">\n<div data-mic-template=\"\" style=\"margin:5px 0;width:100%\" class=\"cke_widget_editable cke_widget_element\">\n<div>\n<div data-mic-template-item=\"\" data-mic-template-image=\"\" style=\"padding:0 2%;vertical-align:middle;width:50%;text-align:center\">\n      <span style=\"font-size:0px\"><span><img decoding=\"async\" style=\"margin:0px;max-width:100%;aspect-ratio: 1060\/595\" width=\"1060\" height=\"\" data-original=\"\/\/image.made-in-china.com\/226f3j00BPrCVKvGAgqZ\/2024-Byd-Qinl-Dmi-New-Energy-Car.webp\" src=\"\/\/image.made-in-china.com\/226f3j00BPrCVKvGAgqZ\/2024-Byd-Qinl-Dmi-New-Energy-Car.webp\" alt=\"2024 Byd Qinl Dmi New Energy Car\"><\/span><\/span>\n     <\/div>\n<div data-mic-template-item=\"\" data-mic-template-image=\"\" style=\"padding:0 2%;vertical-align:middle;width:50%;text-align:center\">\n      <span style=\"font-size:0px\"><span><img decoding=\"async\" style=\"margin:0px;max-width:100%;aspect-ratio: 1060\/595\" width=\"1060\" height=\"\" data-original=\"\/\/image.made-in-china.com\/226f3j00ePzMhJvBMrbZ\/2024-Byd-Qinl-Dmi-New-Energy-Car.webp\" src=\"\/\/image.made-in-china.com\/226f3j00ePzMhJvBMrbZ\/2024-Byd-Qinl-Dmi-New-Energy-Car.webp\" alt=\"2024 Byd Qinl Dmi New Energy Car\"><\/span><\/span>\n     <\/div>\n<\/p><\/div>\n<\/p><\/div>\n<\/p><\/div>\n<p><\/p>\n<div class=\"cke_widget_wrapper cke_widget_block\">\n<div class=\"cke-navigation cke_widget_element\" style=\"padding:10px 0;font-weight:normal;line-height:24px;border-bottom:1px solid #dfdfdf;text-align:left\">\n    <span style=\"background-color:#f2f2f2;border-radius:3px;padding:0 10px;font-weight:normal;line-height:36px;height:36px\">Our Advantages<\/span>\n   <\/div>\n<\/p><\/div>\n<p><\/p>\n<div>\n<div id=\"ali-anchor-AliMagic-7uas29\" style=\"border:0px;padding:0px;margin:0px;font-weight:inherit;vertical-align:baseline;font-size:14px;line-height:inherit;font-style:inherit;font-variant:inherit;font-family:Arial, Helvetica, sans-serif\">\n    Por qu\u00e9 elegirnos\n   <\/div>\n<p style=\"border:0px;padding:0px;margin:1em 0px;font-size:14px;font-family:Arial, Helvetica, sans-serif;line-height:inherit\"><span style=\"border:0px;padding:0px;font-family:Arial, Helvetica, sans-serif\"><i style=\"font-size:14px;font-family:Arial, Helvetica, sans-serif\">1. <b style=\"font-size:14px;font-family:Arial, Helvetica, sans-serif\">Precio competitivo <\/b>: Tenemos certificados de exportaci\u00f3n y reembolsos de impuestos. Hemos cooperado con muchas marcas de autom\u00f3viles y podemos obtener precios muy bajos. Buscamos sinceramente agentes\/distribuidores de todo el mundo.<\/i><\/span><\/p>\n<p>2. <b style=\"font-size:14px;font-family:Arial, Helvetica, sans-serif\">Cadena de suministro estable <\/b>: Reserva directa con f\u00e1bricas para asegurar un suministro suficiente.<br \/>\n   <br \/>\n   3. <b style=\"font-size:14px;font-family:Arial, Helvetica, sans-serif\">Entrega continua y r\u00e1pida <\/b>: El sistema de transporte multimodal permite a nuestros clientes recibir productos r\u00e1pidamente.<br \/>\n   <br \/>\n   4. <b style=\"font-size:14px;font-family:Arial, Helvetica, sans-serif\">Servicio postventa perfecto <\/b>: Nuestro equipo tiene m\u00e1s de 15 a\u00f1os de experiencia en el campo automotriz y un profesional<br \/>\n   <br \/>\n   sistema de servicio postventa.<br \/>\n   <br \/>\n   5. <b style=\"font-size:14px;font-family:Arial, Helvetica, sans-serif\">Servicio de una parada <\/b>: No solo podemos proporcionar veh\u00edculos a los compradores, sino tambi\u00e9n accesorios, estaciones de carga y otros servicios.<br \/>\n   \n  <\/div>\n<div class=\"cke_widget_wrapper cke_widget_block\">\n<div class=\"cke-navigation cke_widget_element\" style=\"padding:10px 0;font-weight:normal;line-height:24px;border-bottom:1px solid #dfdfdf;text-align:left\">\n    <span style=\"background-color:#f2f2f2;border-radius:3px;padding:0 10px;font-weight:normal;line-height:36px;height:36px\">Preguntas m\u00e1s frecuentes<\/span>\n   <\/div>\n<\/p><\/div>\n<p><\/p>\n<div>\n<p style=\"border:0px;padding:0px;margin:1em 0px;color:#000000;font-size:14px;font-family:Arial, Helvetica, sans-serif;line-height:inherit;text-align:start\"><b style=\"font-size:14px;font-family:Arial, Helvetica, sans-serif\">P: \u00bfTienes stock ahora? <\/b><br \/>\n    R: Tenemos un gran almac\u00e9n, la mayor\u00eda de los veh\u00edculos el\u00e9ctricos en stock con entrega r\u00e1pida. <br \/>\n    Por favor cont\u00e1ctenos para verificar stock y obtener precios competitivos.<\/p>\n<p><b style=\"font-size:14px;font-family:Arial, Helvetica, sans-serif\">P: \u00bfQu\u00e9 marca de coche el\u00e9ctrico podr\u00eda suministrar? <\/b><br \/>\n   <br \/>\n   A:Volkswagen, BYD, Zeekr, NiO, X-Peng, Hongqi, Wuling, and any brand you want. <\/p>\n<p style=\"border:0px;padding:0px;margin:1em 0px;font-size:14px;font-family:Arial, Helvetica, sans-serif;line-height:inherit\"><b style=\"font-size:14px;font-family:Arial, Helvetica, sans-serif\">Q:What&#8217;s your minimum Order quantity? <\/b><br \/>\n    R: 1 unidad.<\/p>\n<p style=\"border:0px;padding:0px;margin:1em 0px;font-size:14px;font-family:Arial, Helvetica, sans-serif;line-height:inherit\"><b style=\"font-size:14px;font-family:Arial, Helvetica, sans-serif\">P: \u00bfQu\u00e9 puedes comprarnos? <\/b><br \/>\n    R: Veh\u00edculos de nueva energ\u00eda, repuestos y accesorios para veh\u00edculos de nueva energ\u00eda.<\/p>\n<\/p><\/div>\n<p> <!-- sensorsCode --><!-- End sensorsCode --><\/p><\/div>\n<\/p><\/div>\n<\/div>","protected":false},"excerpt":{"rendered":"<div class=\"sr-proMainInfo-baseInfo-propertyAttr\">\n<div class=\"attr-line\"><\/div>\n<table>\n<tbody>\n<tr>\n<th width=\"160\" class=\"th-label\">After-sales Service:<\/th>\n<td>Online and Offline Sales Service<\/td>\n<\/tr>\n<tr>\n<th width=\"160\" class=\"th-label\">Warranty:<\/th>\n<td>3 Years<\/td>\n<\/tr>\n<tr>\n<th width=\"160\" class=\"th-label\">Voltage:<\/th>\n<td>72V<\/td>\n<\/tr>\n<tr>\n<th width=\"160\" class=\"th-label\">Power:<\/th>\n<td>None<\/td>\n<\/tr>\n<tr>\n<th width=\"160\" class=\"th-label\">Seat No.:<\/th>\n<td>5<\/td>\n<\/tr>\n<tr>\n<th width=\"160\" class=\"th-label\">Type:<\/th>\n<td>PHEV<\/td>\n<\/tr>\n<\/tbody>\n<\/table><\/div>","protected":false},"featured_media":2820,"comment_status":"open","ping_status":"closed","template":"","meta":[],"product_cat":[94],"product_tag":[],"class_list":["post-2826","product","type-product","status-publish","has-post-thumbnail","hentry","product_cat-electric-car"],"_links":{"self":[{"href":"https:\/\/oulongauto.com\/es\/wp-json\/wp\/v2\/product\/2826","targetHints":{"allow":["GET"]}}],"collection":[{"href":"https:\/\/oulongauto.com\/es\/wp-json\/wp\/v2\/product"}],"about":[{"href":"https:\/\/oulongauto.com\/es\/wp-json\/wp\/v2\/types\/product"}],"replies":[{"embeddable":true,"href":"https:\/\/oulongauto.com\/es\/wp-json\/wp\/v2\/comments?post=2826"}],"wp:featuredmedia":[{"embeddable":true,"href":"https:\/\/oulongauto.com\/es\/wp-json\/wp\/v2\/media\/2820"}],"wp:attachment":[{"href":"https:\/\/oulongauto.com\/es\/wp-json\/wp\/v2\/media?parent=2826"}],"wp:term":[{"taxonomy":"product_cat","embeddable":true,"href":"https:\/\/oulongauto.com\/es\/wp-json\/wp\/v2\/product_cat?post=2826"},{"taxonomy":"product_tag","embeddable":true,"href":"https:\/\/oulongauto.com\/es\/wp-json\/wp\/v2\/product_tag?post=2826"}],"curies":[{"name":"wp","href":"https:\/\/api.w.org\/{rel}","templated":true}]}}