{"id":9564,"date":"2024-06-27T13:06:13","date_gmt":"2024-06-27T05:06:13","guid":{"rendered":"https:\/\/oulongauto.com\/product\/2023-byd-han-dm-i-champion-edition-hybrid-sedan-ev-2wd-electric-car-new-energy-vehicles-in-stock-2\/"},"modified":"2024-06-27T13:06:13","modified_gmt":"2024-06-27T05:06:13","slug":"2023-byd-han-dm-i-champion-edition-hybrid-sedan-ev-2wd-electric-car-new-energy-vehicles-in-stock-2","status":"publish","type":"product","link":"https:\/\/oulongauto.com\/es\/product\/2023-byd-han-dm-i-champion-edition-hybrid-sedan-ev-2wd-electric-car-new-energy-vehicles-in-stock-2\/","title":{"rendered":"2023 Byd Han Dm-I Champion Edition Hybrid Sedan EV 2WD Electric Car New Energy Vehicles in Stock"},"content":{"rendered":"<div id=\"oulongauto-desc-content\">\n<div class=\"sr-layout-subblock\">\n<div class=\"sr-txt-title\">\n<h2 class=\"sr-txt-h2\">Basic Info.<\/h2>\n<\/p><\/div>\n<div class=\"sr-layout-content\">\n<div class=\"basic-info-list\">\n<div class=\"bsc-item cf\">\n<div class=\"bac-item-label fl\">Model NO.<\/div>\n<div class=\"bac-item-value fl\">Han DM-i<\/div>\n<\/p><\/div>\n<div class=\"bsc-item cf\">\n<div class=\"bac-item-label fl\">Certification<\/div>\n<div class=\"bac-item-value fl\">EPA, CCC, DOT, EEC, CE<\/div>\n<\/p><\/div>\n<div class=\"bsc-item cf\">\n<div class=\"bac-item-label fl\">Body Type<\/div>\n<div class=\"bac-item-value fl\">Closed<\/div>\n<\/p><\/div>\n<div class=\"bsc-item cf\">\n<div class=\"bac-item-label fl\">Number of Doors (PCS)<\/div>\n<div class=\"bac-item-value fl\">4<\/div>\n<\/p><\/div>\n<div class=\"bsc-item cf\">\n<div class=\"bac-item-label fl\">Number of Seats (Pieces)<\/div>\n<div class=\"bac-item-value fl\">5<\/div>\n<\/p><\/div>\n<div class=\"bsc-item cf\">\n<div class=\"bac-item-label fl\">Curb Weight (Kg)<\/div>\n<div class=\"bac-item-value fl\">2010<\/div>\n<\/p><\/div>\n<div class=\"bsc-item cf\">\n<div class=\"bac-item-label fl\">Full Load Weight (Kg)<\/div>\n<div class=\"bac-item-value fl\">2385<\/div>\n<\/p><\/div>\n<div class=\"bsc-item cf\">\n<div class=\"bac-item-label fl\">Transport Package<\/div>\n<div class=\"bac-item-value fl\">Roll-on-Roll-off Ship<\/div>\n<\/p><\/div>\n<div class=\"bsc-item cf\">\n<div class=\"bac-item-label fl\">Especificaci\u00f3n<\/div>\n<div class=\"bac-item-value fl\">4975x1910x1495<\/div>\n<\/p><\/div>\n<div class=\"bsc-item cf\">\n<div class=\"bac-item-label fl\">Trademark<\/div>\n<div class=\"bac-item-value fl\">BYD<\/div>\n<\/p><\/div>\n<div class=\"bsc-item cf\">\n<div class=\"bac-item-label fl\">Origin<\/div>\n<div class=\"bac-item-value fl\">Porcelana<\/div>\n<\/p><\/div>\n<div class=\"bsc-item cf\">\n<div class=\"bac-item-label fl\">HS Code<\/div>\n<div class=\"bac-item-value fl\">870380001<\/div>\n<\/p><\/div>\n<div class=\"bsc-item cf\">\n<div class=\"bac-item-label fl\">Production Capacity<\/div>\n<div class=\"bac-item-value fl\">1000unit\/Year<\/div>\n<\/p><\/div>\n<\/p><\/div>\n<\/p><\/div>\n<\/p><\/div>\n<div class=\"sr-txt-title\">\n<h2 class=\"sr-txt-h2\">Descripci\u00f3n del Producto<\/h2>\n<\/p><\/div>\n<div class=\"async-rich-info\">\n<div class=\"rich-text cf\">\n<p>  <img decoding=\"async\" style=\"max-width:100%;aspect-ratio: 1060\/706\" width=\"1060\" height=\"\" data-original=\"\/\/image.made-in-china.com\/226f3j00KaNotfGqHvgF\/2023-Byd-Han-Dm-I-Champion-Edition-Hybrid-Sedan-EV-2WD-Electric-Car-New-Energy-Vehicles-in-Stock.webp\" src=\"\/\/image.made-in-china.com\/226f3j00KaNotfGqHvgF\/2023-Byd-Han-Dm-I-Champion-Edition-Hybrid-Sedan-EV-2WD-Electric-Car-New-Energy-Vehicles-in-Stock.webp\" alt=\"2023 Byd Han Dm-I Champion Edition Hybrid Sedan EV 2WD Electric Car New Energy Vehicles in Stock\"><img decoding=\"async\" style=\"max-width:100%;aspect-ratio: 1060\/706\" width=\"1060\" height=\"\" data-original=\"\/\/image.made-in-china.com\/226f3j00KEnoQDUGYCzO\/2023-Byd-Han-Dm-I-Champion-Edition-Hybrid-Sedan-EV-2WD-Electric-Car-New-Energy-Vehicles-in-Stock.webp\" src=\"\/\/image.made-in-china.com\/226f3j00KEnoQDUGYCzO\/2023-Byd-Han-Dm-I-Champion-Edition-Hybrid-Sedan-EV-2WD-Electric-Car-New-Energy-Vehicles-in-Stock.webp\" alt=\"2023 Byd Han Dm-I Champion Edition Hybrid Sedan EV 2WD Electric Car New Energy Vehicles in Stock\"><img decoding=\"async\" style=\"max-width:100%;aspect-ratio: 1060\/706\" width=\"1060\" height=\"\" data-original=\"\/\/image.made-in-china.com\/226f3j00KTFcaoUIbezn\/2023-Byd-Han-Dm-I-Champion-Edition-Hybrid-Sedan-EV-2WD-Electric-Car-New-Energy-Vehicles-in-Stock.webp\" src=\"\/\/image.made-in-china.com\/226f3j00KTFcaoUIbezn\/2023-Byd-Han-Dm-I-Champion-Edition-Hybrid-Sedan-EV-2WD-Electric-Car-New-Energy-Vehicles-in-Stock.webp\" alt=\"2023 Byd Han Dm-I Champion Edition Hybrid Sedan EV 2WD Electric Car New Energy Vehicles in Stock\"><img decoding=\"async\" style=\"max-width:100%;aspect-ratio: 1060\/706\" width=\"1060\" height=\"\" data-original=\"\/\/image.made-in-china.com\/226f3j00sQnqaSYRbBuF\/2023-Byd-Han-Dm-I-Champion-Edition-Hybrid-Sedan-EV-2WD-Electric-Car-New-Energy-Vehicles-in-Stock.webp\" src=\"\/\/image.made-in-china.com\/226f3j00sQnqaSYRbBuF\/2023-Byd-Han-Dm-I-Champion-Edition-Hybrid-Sedan-EV-2WD-Electric-Car-New-Energy-Vehicles-in-Stock.webp\" alt=\"2023 Byd Han Dm-I Champion Edition Hybrid Sedan EV 2WD Electric Car New Energy Vehicles in Stock\"><img decoding=\"async\" style=\"max-width:100%;aspect-ratio: 1060\/706\" width=\"1060\" height=\"\" data-original=\"\/\/image.made-in-china.com\/226f3j00ZtOoEdYKLBuN\/2023-Byd-Han-Dm-I-Champion-Edition-Hybrid-Sedan-EV-2WD-Electric-Car-New-Energy-Vehicles-in-Stock.webp\" src=\"\/\/image.made-in-china.com\/226f3j00ZtOoEdYKLBuN\/2023-Byd-Han-Dm-I-Champion-Edition-Hybrid-Sedan-EV-2WD-Electric-Car-New-Energy-Vehicles-in-Stock.webp\" alt=\"2023 Byd Han Dm-I Champion Edition Hybrid Sedan EV 2WD Electric Car New Energy Vehicles in Stock\"><img decoding=\"async\" style=\"max-width:100%;aspect-ratio: 1060\/706\" width=\"1060\" height=\"\" data-original=\"\/\/image.made-in-china.com\/226f3j00FaNkEYfJneun\/2023-Byd-Han-Dm-I-Champion-Edition-Hybrid-Sedan-EV-2WD-Electric-Car-New-Energy-Vehicles-in-Stock.webp\" src=\"\/\/image.made-in-china.com\/226f3j00FaNkEYfJneun\/2023-Byd-Han-Dm-I-Champion-Edition-Hybrid-Sedan-EV-2WD-Electric-Car-New-Energy-Vehicles-in-Stock.webp\" alt=\"2023 Byd Han Dm-I Champion Edition Hybrid Sedan EV 2WD Electric Car New Energy Vehicles in Stock\"><\/p>\n<div class=\"cke-navigation\" id=\"1707123142061\" style=\"padding:10px 0px;margin:0px;font-weight:normal;vertical-align:baseline;line-height:24px;font-style:inherit;text-align:left\">\n   <span style=\"background-color:#f2f2f2;border-radius:3px;border:0px;padding:0px 10px;line-height:36px\">Descripci\u00f3n del Producto<\/span>\n  <\/div>\n<div class=\"rich-text-table\">\n<table style=\"background-color:#ffffff;margin:0px;max-width:1060px;text-align:start\">\n<tbody>\n<tr>\n<td colspan=\"1\" rowspan=\"1\" style=\"height:20px\">\n<div style=\"border:0px;padding:5px 10px;margin:0px;vertical-align:baseline\">\n        Model\n       <\/div>\n<\/td>\n<td colspan=\"1\" rowspan=\"1\" style=\"height:20px\">\n<div style=\"border:0px;padding:5px 10px;margin:0px;vertical-align:baseline\">\n        Byd Han DM-i champion version 121KM Premium (sedan) PHEV hybrid\n       <\/div>\n<\/td>\n<\/tr>\n<tr>\n<td colspan=\"1\" rowspan=\"1\" style=\"height:20px\">\n<div style=\"border:0px;padding:5px 10px;margin:0px;vertical-align:baseline\">\n        Manufacturers\n       <\/div>\n<\/td>\n<td colspan=\"1\" rowspan=\"1\" style=\"height:20px\">\n<div style=\"border:0px;padding:5px 10px;margin:0px;vertical-align:baseline\">\n        BYD\n       <\/div>\n<\/td>\n<\/tr>\n<tr>\n<td colspan=\"1\" rowspan=\"1\" style=\"height:20px\">\n<div style=\"border:0px;padding:5px 10px;margin:0px;vertical-align:baseline\">\n        Tipo de Bater\u00eda\n       <\/div>\n<\/td>\n<td colspan=\"1\" rowspan=\"1\" style=\"height:20px\">\n<div style=\"border:0px;padding:5px 10px;margin:0px;vertical-align:baseline\">\n        Lithium iron phosphate battery\n       <\/div>\n<\/td>\n<\/tr>\n<tr>\n<td colspan=\"1\" rowspan=\"1\" style=\"height:20px\">\n<div style=\"border:0px;padding:5px 10px;margin:0px;vertical-align:baseline\">\n        Body Type\n       <\/div>\n<\/td>\n<td colspan=\"1\" rowspan=\"1\" style=\"height:20px\">\n<div style=\"border:0px;padding:5px 10px;margin:0px;vertical-align:baseline\">\n        4door 5 seats sedan\n       <\/div>\n<\/td>\n<\/tr>\n<tr>\n<td colspan=\"1\" rowspan=\"1\" style=\"height:20px\">\n<div style=\"border:0px;padding:5px 10px;margin:0px;vertical-align:baseline\">\n        Total motor power (kW)\n       <\/div>\n<\/td>\n<td colspan=\"1\" rowspan=\"1\" style=\"height:20px\">\n<div style=\"border:0px;padding:5px 10px;margin:0px;vertical-align:baseline\">\n        145\n       <\/div>\n<\/td>\n<\/tr>\n<tr>\n<td colspan=\"1\" rowspan=\"1\" style=\"height:20px\">\n<div style=\"border:0px;padding:5px 10px;margin:0px;vertical-align:baseline\">\n        Motor total torque(N\/m)\n       <\/div>\n<\/td>\n<td colspan=\"1\" rowspan=\"1\" style=\"height:20px\">\n<div style=\"border:0px;padding:5px 10px;margin:0px;vertical-align:baseline\">\n        316\n       <\/div>\n<\/td>\n<\/tr>\n<tr>\n<td colspan=\"1\" rowspan=\"1\" style=\"height:20px\">\n<div style=\"border:0px;padding:5px 10px;margin:0px;vertical-align:baseline\">\n        Motor maximum horsepower (PS)\n       <\/div>\n<\/td>\n<td colspan=\"1\" rowspan=\"1\" style=\"height:20px\">\n<div style=\"border:0px;padding:5px 10px;margin:0px;vertical-align:baseline\">\n        197\n       <\/div>\n<\/td>\n<\/tr>\n<tr>\n<td colspan=\"1\" rowspan=\"1\" style=\"height:20px\">\n<div style=\"border:0px;padding:5px 10px;margin:0px;vertical-align:baseline\">\n        Maximum speed (km\/h)\n       <\/div>\n<\/td>\n<td colspan=\"1\" rowspan=\"1\" style=\"height:20px\">\n<div style=\"border:0px;padding:5px 10px;margin:0px;vertical-align:baseline\">\n        185\n       <\/div>\n<\/td>\n<\/tr>\n<tr>\n<td colspan=\"1\" rowspan=\"1\" style=\"height:20px\">\n<div style=\"border:0px;padding:5px 10px;margin:0px;vertical-align:baseline\">\n        Largo \u00d7 ancho \u00d7 alto (mm)\n       <\/div>\n<\/td>\n<td colspan=\"1\" rowspan=\"1\" style=\"height:20px\">\n<div style=\"border:0px;padding:5px 10px;margin:0px;vertical-align:baseline\">\n        4975*1910*1495\n       <\/div>\n<\/td>\n<\/tr>\n<tr>\n<td colspan=\"1\" rowspan=\"1\" style=\"height:20px\">\n<div style=\"border:0px;padding:5px 10px;margin:0px;vertical-align:baseline\">\n        Wheelbase(mm)\n       <\/div>\n<\/td>\n<td colspan=\"1\" rowspan=\"1\" style=\"height:20px\">\n<div style=\"border:0px;padding:5px 10px;margin:0px;vertical-align:baseline\">\n        2920\n       <\/div>\n<\/td>\n<\/tr>\n<tr>\n<td colspan=\"1\" rowspan=\"1\" style=\"height:20px\">\n<div style=\"border:0px;padding:5px 10px;margin:0px;vertical-align:baseline\">\n        Engine type\n       <\/div>\n<\/td>\n<td colspan=\"1\" rowspan=\"1\" style=\"height:20px\">\n<div style=\"border:0px;padding:5px 10px;margin:0px;vertical-align:baseline\">\n        Permanent magnet\/synchronous\n       <\/div>\n<\/td>\n<\/tr>\n<\/tbody>\n<\/table><\/div>\n<div class=\"cke-navigation\" id=\"1707123142062\" style=\"padding:10px 0px;margin:0px;font-weight:normal;vertical-align:baseline;line-height:24px;font-style:inherit;text-align:left\">\n   <span style=\"background-color:#f2f2f2;border-radius:3px;border:0px;padding:0px 10px;line-height:36px;text-align:left\">Detailed Photos<\/span>\n  <\/div>\n<p>\u00a0<img decoding=\"async\" style=\"max-width:100%;aspect-ratio: 1060\/706\" width=\"1060\" height=\"\" data-original=\"\/\/image.made-in-china.com\/226f3j00NtybQLUGgMgO\/2023-Byd-Han-Dm-I-Champion-Edition-Hybrid-Sedan-EV-2WD-Electric-Car-New-Energy-Vehicles-in-Stock.webp\" src=\"\/\/image.made-in-china.com\/226f3j00NtybQLUGgMgO\/2023-Byd-Han-Dm-I-Champion-Edition-Hybrid-Sedan-EV-2WD-Electric-Car-New-Energy-Vehicles-in-Stock.webp\" alt=\"2023 Byd Han Dm-I Champion Edition Hybrid Sedan EV 2WD Electric Car New Energy Vehicles in Stock\"><img decoding=\"async\" style=\"max-width:100%;aspect-ratio: 1060\/706\" width=\"1060\" height=\"\" data-original=\"\/\/image.made-in-china.com\/226f3j00UaJbmgNGfCpF\/2023-Byd-Han-Dm-I-Champion-Edition-Hybrid-Sedan-EV-2WD-Electric-Car-New-Energy-Vehicles-in-Stock.webp\" src=\"\/\/image.made-in-china.com\/226f3j00UaJbmgNGfCpF\/2023-Byd-Han-Dm-I-Champion-Edition-Hybrid-Sedan-EV-2WD-Electric-Car-New-Energy-Vehicles-in-Stock.webp\" alt=\"2023 Byd Han Dm-I Champion Edition Hybrid Sedan EV 2WD Electric Car New Energy Vehicles in Stock\"><img decoding=\"async\" style=\"max-width:100%;aspect-ratio: 1060\/706\" width=\"1060\" height=\"\" data-original=\"\/\/image.made-in-china.com\/226f3j00UaJbwWNlMCzn\/2023-Byd-Han-Dm-I-Champion-Edition-Hybrid-Sedan-EV-2WD-Electric-Car-New-Energy-Vehicles-in-Stock.webp\" src=\"\/\/image.made-in-china.com\/226f3j00UaJbwWNlMCzn\/2023-Byd-Han-Dm-I-Champion-Edition-Hybrid-Sedan-EV-2WD-Electric-Car-New-Energy-Vehicles-in-Stock.webp\" alt=\"2023 Byd Han Dm-I Champion Edition Hybrid Sedan EV 2WD Electric Car New Energy Vehicles in Stock\"><\/p>\n<div class=\"cke-navigation\" id=\"1707123142063\" style=\"padding:10px 0px;margin:0px;font-weight:normal;vertical-align:baseline;line-height:24px;font-style:inherit;text-align:left\">\n   <span style=\"background-color:#f2f2f2;border-radius:3px;border:0px;padding:0px 10px;line-height:36px;text-align:left\">Packaging &amp; Shipping<\/span>\n  <\/div>\n<p><img decoding=\"async\" style=\"margin:0px;max-width:100%;aspect-ratio: 1060\/1060\" width=\"1060\" height=\"\" data-original=\"\/\/image.made-in-china.com\/226f3j00ntObTcYyfBrF\/2023-Byd-Han-Dm-I-Champion-Edition-Hybrid-Sedan-EV-2WD-Electric-Car-New-Energy-Vehicles-in-Stock.webp\" src=\"\/\/image.made-in-china.com\/226f3j00ntObTcYyfBrF\/2023-Byd-Han-Dm-I-Champion-Edition-Hybrid-Sedan-EV-2WD-Electric-Car-New-Energy-Vehicles-in-Stock.webp\" alt=\"2023 Byd Han Dm-I Champion Edition Hybrid Sedan EV 2WD Electric Car New Energy Vehicles in Stock\"><\/p>\n<div class=\"cke-navigation\" id=\"1707123142064\" style=\"padding:10px 0px;margin:0px;font-weight:normal;vertical-align:baseline;line-height:24px;font-style:inherit;text-align:left\">\n   <span style=\"background-color:#f2f2f2;border-radius:3px;border:0px;padding:0px 10px;line-height:36px;text-align:left\">Perfil de la empresa<\/span>\n  <\/div>\n<p>\u00a0<\/p>\n<h1>&#8216;Oulong Automobile Trade Group Co., Ltd.&#8217;<\/h1>\n<p>\u00a0<\/p>\n<p>&#8216;Oulong Automobile Trade Group Co., Ltd.&#8217; is a leading automotive comprehensive sales and service operator in China. Established in 1995, our company offers a wide range of services including new car sales, automotive maintenance, parts supply, and new &amp; used car export business. We have been authorized by the Chinese Provincial Department of Commerce to engage in export activities.<\/p>\n<p>\u00a0<\/p>\n<p>In addition to our core services, we also provide automotive derivative services, driver training school, motor inspection stations, and operate automotive commercial complexes. With a strong presence in Zhejiang, Jiangxi, Anhui, Shandong, Jiangsu, Fujian, and other regions, we currently own 76 authorized dealerships and 3 related automotive industries.<\/p>\n<p>\u00a0<\/p>\n<p>We are proud to be recognized as one of the Top 500 service companies in China and a leading enterprise in the service industry in Zhejiang Province. Our commitment to excellence is reflected in our membership as a vice chairman unit of the China Automobile Dealers Association and a member unit of the joint committee of the Zhejiang Federation of Industry and Commerce.<\/p>\n<p><img decoding=\"async\" style=\"margin:0px;max-width:100%;aspect-ratio: 1060\/670\" width=\"1060\" height=\"\" data-original=\"\/\/image.made-in-china.com\/226f3j00FEnbtjGqEMzN\/2023-Byd-Han-Dm-I-Champion-Edition-Hybrid-Sedan-EV-2WD-Electric-Car-New-Energy-Vehicles-in-Stock.webp\" src=\"\/\/image.made-in-china.com\/226f3j00FEnbtjGqEMzN\/2023-Byd-Han-Dm-I-Champion-Edition-Hybrid-Sedan-EV-2WD-Electric-Car-New-Energy-Vehicles-in-Stock.webp\" alt=\"2023 Byd Han Dm-I Champion Edition Hybrid Sedan EV 2WD Electric Car New Energy Vehicles in Stock\"><\/p>\n<div data-mic-template=\"\" style=\"border:0px;padding:0px;margin:5px 0px;font-weight:inherit;vertical-align:baseline;font-style:inherit\">\n<div style=\"border:0px;padding:0px;margin:0px;font-weight:inherit;vertical-align:baseline;font-style:inherit\">\n<div data-mic-template-image=\"\" data-mic-template-item=\"\" style=\"border:0px;padding:0px 16.2812px;margin:0px;font-weight:inherit;vertical-align:middle;font-style:inherit;text-align:center\">\n     <span style=\"border:0px;padding:0px;font-size:0px\"><img decoding=\"async\" style=\"margin:0px;max-width:100%;aspect-ratio: 1060\/595\" width=\"1060\" height=\"\" data-original=\"\/\/image.made-in-china.com\/226f3j00OTycamUzAegF\/2023-Byd-Han-Dm-I-Champion-Edition-Hybrid-Sedan-EV-2WD-Electric-Car-New-Energy-Vehicles-in-Stock.webp\" src=\"\/\/image.made-in-china.com\/226f3j00OTycamUzAegF\/2023-Byd-Han-Dm-I-Champion-Edition-Hybrid-Sedan-EV-2WD-Electric-Car-New-Energy-Vehicles-in-Stock.webp\" alt=\"2023 Byd Han Dm-I Champion Edition Hybrid Sedan EV 2WD Electric Car New Energy Vehicles in Stock\"><\/span>\n    <\/div>\n<div data-mic-template-image=\"\" data-mic-template-item=\"\" style=\"border:0px;padding:0px 16.2812px;margin:0px;font-weight:inherit;vertical-align:middle;font-style:inherit;text-align:center\">\n     <span style=\"border:0px;padding:0px;font-size:0px\"><img decoding=\"async\" style=\"margin:0px;max-width:100%;aspect-ratio: 1060\/595\" width=\"1060\" height=\"\" data-original=\"\/\/image.made-in-china.com\/226f3j00JEnbTGUlhCgN\/2023-Byd-Han-Dm-I-Champion-Edition-Hybrid-Sedan-EV-2WD-Electric-Car-New-Energy-Vehicles-in-Stock.webp\" src=\"\/\/image.made-in-china.com\/226f3j00JEnbTGUlhCgN\/2023-Byd-Han-Dm-I-Champion-Edition-Hybrid-Sedan-EV-2WD-Electric-Car-New-Energy-Vehicles-in-Stock.webp\" alt=\"2023 Byd Han Dm-I Champion Edition Hybrid Sedan EV 2WD Electric Car New Energy Vehicles in Stock\"><\/span>\n    <\/div>\n<\/p><\/div>\n<\/p><\/div>\n<p>\u00a0\u00a0\u00a0<br \/>\n  <br \/>\n  \u00a0<\/p>\n<div style=\"border:0px;padding:0px;margin:0px;color:#000000;font-weight:400;vertical-align:baseline;font-size:14px;line-height:inherit;font-style:normal;font-family:Arial, Helvetica, sans-serif;text-align:start\">\n<div style=\"border:0px;padding:0px;margin:0px;font-weight:inherit;vertical-align:baseline;font-size:14px;line-height:inherit;font-style:inherit;font-variant:inherit;font-family:Arial, Helvetica, sans-serif\">\n<div style=\"border:0px;padding:0px;margin:0px;font-weight:inherit;vertical-align:baseline;font-size:14px;line-height:inherit;font-style:inherit;font-variant:inherit;font-family:Arial, Helvetica, sans-serif\">\n<div style=\"border:0px;padding:0px;margin:0px;font-weight:inherit;vertical-align:baseline;font-size:14px;line-height:inherit;font-style:inherit;font-variant:inherit;font-family:Arial, Helvetica, sans-serif\">\n<div style=\"border:0px;padding:0px;margin:0px;font-weight:inherit;vertical-align:baseline;font-size:14px;line-height:inherit;font-style:inherit;font-variant:inherit;font-family:Arial, Helvetica, sans-serif\">\n<div style=\"border:0px;padding:0px;margin:0px;font-weight:inherit;vertical-align:baseline;font-size:14px;line-height:inherit;font-style:inherit;font-variant:inherit;font-family:Arial, Helvetica, sans-serif\">\n<div class=\"cke-navigation\" id=\"1707123142065\" style=\"padding:10px 0px;margin:0px;font-weight:normal;vertical-align:baseline;line-height:24px;font-style:inherit;text-align:left\">\n         <span style=\"background-color:#f2f2f2;border-radius:3px;border:0px;padding:0px 10px;line-height:36px;text-align:left\">Our Advantages<\/span>\n        <\/div>\n<div style=\"border:0px;padding:0px;margin:0px;color:#000000;font-weight:400;vertical-align:baseline;font-size:14px;line-height:inherit;font-style:normal;font-family:Arial, Helvetica, sans-serif;text-align:start\">\n<div id=\"ali-anchor-AliMagic-7uas29\" style=\"border:0px;padding:0px;margin:0px;font-weight:inherit;vertical-align:baseline;font-size:14px;line-height:inherit;font-style:inherit;font-variant:inherit;font-family:Arial, Helvetica, sans-serif\">\n          Por qu\u00e9 elegirnos\n         <\/div>\n<\/p><\/div>\n<div style=\"border:0px;padding:0px;margin:0px;color:#000000;font-weight:400;vertical-align:baseline;font-size:14px;line-height:inherit;font-style:normal;font-family:Arial, Helvetica, sans-serif;text-align:start\">\n<div style=\"border:0px;padding:0px;margin:0px;font-weight:inherit;vertical-align:baseline;font-size:14px;line-height:inherit;font-style:inherit;font-variant:inherit;font-family:Arial, Helvetica, sans-serif\">\n<div style=\"border:0px;padding:0px;margin:0px;font-weight:inherit;vertical-align:baseline;font-size:14px;line-height:inherit;font-style:inherit;font-variant:inherit;font-family:Arial, Helvetica, sans-serif\">\n<div style=\"border:0px;padding:0px;margin:0px;font-weight:inherit;vertical-align:baseline;font-size:14px;line-height:inherit;font-style:inherit;font-variant:inherit;font-family:Arial, Helvetica, sans-serif\">\n<div style=\"border:0px;padding:0px;margin:0px;font-weight:inherit;vertical-align:baseline;font-size:14px;line-height:inherit;font-style:inherit;font-variant:inherit;font-family:Arial, Helvetica, sans-serif\">\n<div style=\"border:0px;padding:0px;margin:0px;font-weight:inherit;vertical-align:baseline;font-size:14px;line-height:inherit;font-style:inherit;font-variant:inherit;font-family:Arial, Helvetica, sans-serif\">\n<p style=\"border:0px;padding:0px;margin:1em 0px;font-size:14px;font-family:Arial, Helvetica, sans-serif;line-height:inherit\"><span style=\"border:0px;padding:0px;font-family:Arial, Helvetica, sans-serif\"><i style=\"font-size:14px;font-family:Arial, Helvetica, sans-serif\">1.\u00a0<b style=\"font-size:14px;font-family:Arial, Helvetica, sans-serif\">Precio competitivo<\/b>: Tenemos certificados de exportaci\u00f3n y reembolsos de impuestos. Hemos cooperado con muchas marcas de autom\u00f3viles y podemos obtener precios muy bajos. Buscamos sinceramente agentes\/distribuidores de todo el mundo.<\/i><\/span><\/p>\n<div style=\"border:0px;padding:0px;margin:0px;font-weight:inherit;vertical-align:baseline;font-size:14px;line-height:inherit;font-style:inherit;font-variant:inherit;font-family:Arial, Helvetica, sans-serif\">\n               <i style=\"font-size:14px;font-family:Arial, Helvetica, sans-serif\"><span style=\"border:0px;padding:0px;font-family:Arial, Helvetica, sans-serif\">2.\u00a0<b style=\"font-size:14px;font-family:Arial, Helvetica, sans-serif\">Cadena de suministro estable<\/b>: Reserva directa con f\u00e1bricas para asegurar un suministro suficiente.<br \/>\n                 3.\u00a0<b style=\"font-size:14px;font-family:Arial, Helvetica, sans-serif\">Entrega continua y r\u00e1pida<\/b>: El sistema de transporte multimodal permite a nuestros clientes recibir productos r\u00e1pidamente.<br \/>\n                 4.\u00a0<b style=\"font-size:14px;font-family:Arial, Helvetica, sans-serif\">Servicio postventa perfecto<\/b>: Nuestro equipo tiene m\u00e1s de 15 a\u00f1os de experiencia en el campo automotriz y un profesional<br \/>\n                 sistema de servicio postventa.<br \/>\n                 5.\u00a0<b style=\"font-size:14px;font-family:Arial, Helvetica, sans-serif\">Servicio de una parada<\/b>: No solo podemos proporcionar veh\u00edculos a los compradores, sino tambi\u00e9n accesorios, estaciones de carga y otros servicios.<\/span><\/i>\n              <\/div>\n<\/p><\/div>\n<\/p><\/div>\n<\/p><\/div>\n<\/p><\/div>\n<\/p><\/div>\n<\/p><\/div>\n<div class=\"cke-navigation\" id=\"1707123142066\" style=\"padding:10px 0px;margin:0px;font-weight:normal;vertical-align:baseline;line-height:24px;font-style:inherit;text-align:left\">\n         <span style=\"background-color:#f2f2f2;border-radius:3px;border:0px;padding:0px 10px;line-height:36px;text-align:left\">Preguntas m\u00e1s frecuentes<\/span>\n        <\/div>\n<p style=\"border:0px;padding:0px;margin:1em 0px;color:#000000;font-size:14px;font-family:Arial, Helvetica, sans-serif;line-height:inherit;text-align:start\"><b style=\"font-size:14px;font-family:Arial, Helvetica, sans-serif\">P: \u00bfTienes stock ahora?<\/b><br \/>\n         R: Tenemos un gran almac\u00e9n, la mayor\u00eda de los veh\u00edculos el\u00e9ctricos en stock con entrega r\u00e1pida.<br \/>\n         Por favor cont\u00e1ctenos para verificar stock y obtener precios competitivos.<\/p>\n<div style=\"border:0px;padding:0px;margin:0px;color:#000000;font-weight:400;vertical-align:baseline;font-size:14px;line-height:inherit;font-style:normal;font-family:Arial, Helvetica, sans-serif;text-align:start\">\n         <b style=\"font-size:14px;font-family:Arial, Helvetica, sans-serif\">P: \u00bfQu\u00e9 marca de coche el\u00e9ctrico podr\u00eda suministrar?<\/b><br \/>\n         <br \/>\n         R: Volkswagen, BYD, Zeekr, NiO, X-Peng, Tesla, Hongqi, Wuling y cualquier marca que desee.<\/p>\n<p style=\"border:0px;padding:0px;margin:1em 0px;font-size:14px;font-family:Arial, Helvetica, sans-serif;line-height:inherit\"><b style=\"font-size:14px;font-family:Arial, Helvetica, sans-serif\">Q:What&#8217;s your minimum Order quantity?<\/b><br \/>\n          R: 1 unidad.<\/p>\n<p style=\"border:0px;padding:0px;margin:1em 0px;font-size:14px;font-family:Arial, Helvetica, sans-serif;line-height:inherit\"><b style=\"font-size:14px;font-family:Arial, Helvetica, sans-serif\">P: \u00bfQu\u00e9 puedes comprarnos?<\/b><br \/>\n          R: Veh\u00edculos de nueva energ\u00eda, repuestos y accesorios para veh\u00edculos de nueva energ\u00eda.<\/p>\n<\/p><\/div>\n<\/p><\/div>\n<\/p><\/div>\n<\/p><\/div>\n<\/p><\/div>\n<\/p><\/div>\n<\/p><\/div>\n<p> <!-- sensorsCode --><!-- End sensorsCode --><\/p><\/div>\n<\/p><\/div>\n<\/div>","protected":false},"excerpt":{"rendered":"<div class=\"sr-proMainInfo-baseInfo-propertyAttr\">\n<div class=\"attr-line\"><\/div>\n<table>\n<tbody>\n<tr>\n<th width=\"160\" class=\"th-label\">After-sales Service:<\/th>\n<td>Online and Offline Sales Service<\/td>\n<\/tr>\n<tr>\n<th width=\"160\" class=\"th-label\">Warranty:<\/th>\n<td>3 Years<\/td>\n<\/tr>\n<tr>\n<th width=\"160\" class=\"th-label\">Voltage:<\/th>\n<td>72V<\/td>\n<\/tr>\n<tr>\n<th width=\"160\" class=\"th-label\">Power:<\/th>\n<td>160(218PS)<\/td>\n<\/tr>\n<tr>\n<th width=\"160\" class=\"th-label\">Seat No.:<\/th>\n<td>5<\/td>\n<\/tr>\n<tr>\n<th width=\"160\" class=\"th-label\">Type:<\/th>\n<td>PHEV<\/td>\n<\/tr>\n<\/tbody>\n<\/table><\/div>","protected":false},"featured_media":9552,"comment_status":"open","ping_status":"closed","template":"","meta":[],"product_cat":[94],"product_tag":[],"class_list":["post-9564","product","type-product","status-publish","has-post-thumbnail","hentry","product_cat-electric-car"],"_links":{"self":[{"href":"https:\/\/oulongauto.com\/es\/wp-json\/wp\/v2\/product\/9564","targetHints":{"allow":["GET"]}}],"collection":[{"href":"https:\/\/oulongauto.com\/es\/wp-json\/wp\/v2\/product"}],"about":[{"href":"https:\/\/oulongauto.com\/es\/wp-json\/wp\/v2\/types\/product"}],"replies":[{"embeddable":true,"href":"https:\/\/oulongauto.com\/es\/wp-json\/wp\/v2\/comments?post=9564"}],"wp:featuredmedia":[{"embeddable":true,"href":"https:\/\/oulongauto.com\/es\/wp-json\/wp\/v2\/media\/9552"}],"wp:attachment":[{"href":"https:\/\/oulongauto.com\/es\/wp-json\/wp\/v2\/media?parent=9564"}],"wp:term":[{"taxonomy":"product_cat","embeddable":true,"href":"https:\/\/oulongauto.com\/es\/wp-json\/wp\/v2\/product_cat?post=9564"},{"taxonomy":"product_tag","embeddable":true,"href":"https:\/\/oulongauto.com\/es\/wp-json\/wp\/v2\/product_tag?post=9564"}],"curies":[{"name":"wp","href":"https:\/\/api.w.org\/{rel}","templated":true}]}}